{"id":1541,"date":"2023-11-12T16:14:23","date_gmt":"2023-11-12T15:14:23","guid":{"rendered":"https:\/\/new.choinkaonline.pl\/?post_type=product&#038;p=1541"},"modified":"2025-11-16T13:54:45","modified_gmt":"2025-11-16T12:54:45","slug":"stojak-choinkowy-start-3-drzewko-do-300cm","status":"publish","type":"product","link":"https:\/\/choinkaonline.pl\/poznan\/kategoria\/stojak-choinkowy-start-3-drzewko-do-300cm\/","title":{"rendered":"Stojak choinkowy Start 3 drzewko do 300cm"},"content":{"rendered":"<h1>Stojak na choink\u0119 Start 3<\/h1>\n<p>Oferujemy stojaki choinkowe idealne dla drzewek o wysoko\u015bci do 3 metr\u00f3w. Stojaki choinkowe dost\u0119pne s\u0105 na terenie Poznania i okolic, sprzedawane tylko w komplecie z choink\u0105. Nie prowadzimy samodzielnej sprzeda\u017cy wysy\u0142kowej stojak\u00f3w.<\/p>\n<p><strong>Dlaczego nasze stojaki s\u0105 \u015bwietnym wyborem?<\/strong><br \/>\nStojaki choinkowe START 3 wyr\u00f3\u017cniaj\u0105 si\u0119 na tle innych rozwi\u0105za\u0144 elastyczno\u015bci\u0105, stabilno\u015bci\u0105, bezpiecze\u0144stwem i trwa\u0142o\u015bci\u0105. W przeciwie\u0144stwie do niesolidnych plastikowych czy metalowych odpowiednik\u00f3w (bez mo\u017cliwo\u015bci regulacji obejmy), kt\u00f3re cz\u0119sto zawodz\u0105, nasze stojaki sprawdzi\u0142y si\u0119 ju\u017c w tysi\u0105cach polskich dom\u00f3w. Istotne jest, \u017ce dzi\u0119ki elastycznej obejmie najcz\u0119\u015bciej nie musimy ciosa\u0107 choinki, a to pozwala zachowa\u0107 nienaruszon\u0105 kor\u0119, kluczow\u0105 dla prawid\u0142owego transportu wody w drzewie.<\/p>\n<p><strong>Specyfikacja modelu START 3:<\/strong><\/p>\n<ul class=\"marker:text-textOff list-disc pl-8\">\n<li>Przeznaczony do choinek o wysoko\u015bci do 300 cm<\/li>\n<li>Waga: 5 kg plus zbiornik na wod\u0119 o pojemno\u015bci 3 litr\u00f3w<\/li>\n<li>Samozaciskowy mechanizm na metalowe linki<\/li>\n<li>Specjalne zabezpieczenie przed niekontrolowanym otwarciem<\/li>\n<li>Mo\u017cliwo\u015b\u0107 monta\u017cu pni o \u015brednicy od 3 do 11 cm<\/li>\n<li>Gwarancja producenta: 5 lat<\/li>\n<\/ul>\n<p>Stawiamy na jako\u015b\u0107 i d\u0142ugowieczno\u015b\u0107 &#8211; to stojak, kt\u00f3rego sami u\u017cywamy i kt\u00f3ry od lat sprawdza si\u0119 u naszych klient\u00f3w w Poznaniu.<\/p>\n<p><u><strong>\u00a0<\/strong><\/u><\/p>\n<figure><iframe src=\"https:\/\/www.youtube.com\/embed\/vtaGeLRRa2Q\" width=\"560\" height=\"315\" frameborder=\"0\" allowfullscreen=\"allowfullscreen\" data-mce-fragment=\"1\"><\/iframe><\/figure>\n<p>&nbsp;<\/p>\n<p>Wybieraj\u0105c ten stojak, mo\u017cesz szybko i bez trudu ustawi\u0107 swoj\u0105 choink\u0119 (w 1 minut\u0119) zapewniaj\u0105c sobie spok\u00f3j na wiele lat. To inteligentne i praktyczne rozwi\u0105zanie.<\/p>\n<ul>\n<li style=\"list-style-type: none;\"><\/li>\n<\/ul>\n<p><u><strong>Specyfikacja:<\/strong><\/u><\/p>\n<table>\n<tbody>\n<tr>\n<td>Waga:<\/td>\n<td>5kg<\/td>\n<\/tr>\n<tr>\n<td>Wymiary:<\/td>\n<td>37,0cm<\/td>\n<\/tr>\n<tr>\n<td>wysoko\u015b\u0107 drzewka:<\/td>\n<td>3m<\/td>\n<\/tr>\n<tr>\n<td>przekr\u00f3j pnia:<\/td>\n<td>3-11cm<\/td>\n<\/tr>\n<tr>\n<td>pojemno\u015b\u0107 pojemnika na wod\u0119:<\/td>\n<td>3,0L<\/td>\n<\/tr>\n<\/tbody>\n<\/table>\n","protected":false},"excerpt":{"rendered":"<p>Stojak do choinki START 3 do 300cm jest\u00a0<strong>stabilny\u00a0<\/strong>(wa\u017cy 5kg + zbiornik na wod\u0119 3l),\u00a0<strong>banalnie prosty<\/strong>\u00a0w obs\u0142udze (mechanizm samozaciskowy na 4 linki),\u00a0<strong>bezpieczny\u00a0<\/strong>(blokada przed niekontrolowanym otwarciem),\u00a0<strong>uniwersalny\u00a0<\/strong>(\u015brednica pnia od 3 do 11 cm) i\u00a0<strong>wieloletni\u00a0<\/strong>(5-letnia gwarancja producenta).<\/p>\n","protected":false},"featured_media":3121,"comment_status":"open","ping_status":"closed","template":"","meta":{"site-sidebar-layout":"default","site-content-layout":"default","ast-site-content-layout":"default","site-content-style":"default","site-sidebar-style":"default","ast-global-header-display":"","ast-banner-title-visibility":"","ast-main-header-display":"","ast-hfb-above-header-display":"","ast-hfb-below-header-display":"","ast-hfb-mobile-header-display":"","site-post-title":"","ast-breadcrumbs-content":"","ast-featured-img":"","footer-sml-layout":"","theme-transparent-header-meta":"disabled","adv-header-id-meta":"","stick-header-meta":"","header-above-stick-meta":"","header-main-stick-meta":"","header-below-stick-meta":"","astra-migrate-meta-layouts":"set","ast-page-background-enabled":"default","ast-page-background-meta":{"desktop":{"background-color":"var(--ast-global-color-4)","background-image":"","background-repeat":"repeat","background-position":"center center","background-size":"auto","background-attachment":"scroll","background-type":"","background-media":"","overlay-type":"","overlay-color":"","overlay-opacity":"","overlay-gradient":""},"tablet":{"background-color":"","background-image":"","background-repeat":"repeat","background-position":"center center","background-size":"auto","background-attachment":"scroll","background-type":"","background-media":"","overlay-type":"","overlay-color":"","overlay-opacity":"","overlay-gradient":""},"mobile":{"background-color":"","background-image":"","background-repeat":"repeat","background-position":"center center","background-size":"auto","background-attachment":"scroll","background-type":"","background-media":"","overlay-type":"","overlay-color":"","overlay-opacity":"","overlay-gradient":""}},"ast-content-background-meta":{"desktop":{"background-color":"var(--ast-global-color-5)","background-image":"","background-repeat":"repeat","background-position":"center center","background-size":"auto","background-attachment":"scroll","background-type":"","background-media":"","overlay-type":"","overlay-color":"","overlay-opacity":"","overlay-gradient":""},"tablet":{"background-color":"var(--ast-global-color-5)","background-image":"","background-repeat":"repeat","background-position":"center center","background-size":"auto","background-attachment":"scroll","background-type":"","background-media":"","overlay-type":"","overlay-color":"","overlay-opacity":"","overlay-gradient":""},"mobile":{"background-color":"var(--ast-global-color-5)","background-image":"","background-repeat":"repeat","background-position":"center center","background-size":"auto","background-attachment":"scroll","background-type":"","background-media":"","overlay-type":"","overlay-color":"","overlay-opacity":"","overlay-gradient":""}}},"product_brand":[],"product_cat":[42,66],"product_tag":[],"class_list":{"0":"post-1541","1":"product","2":"type-product","3":"status-publish","4":"has-post-thumbnail","6":"product_cat-stojaki-na-choinke-poznan","7":"product_cat-wszystkie","8":"desktop-align-left","9":"tablet-align-left","10":"mobile-align-left","11":"ast-product-gallery-layout-vertical","12":"ast-magnify-disabled","13":"ast-product-single-variable","14":"ast-product-tabs-layout-vertical","16":"first","17":"instock","18":"taxable","19":"shipping-taxable","20":"purchasable","21":"product-type-variable"},"yoast_head":"<!-- This site is optimized with the Yoast SEO plugin v26.3 - https:\/\/yoast.com\/wordpress\/plugins\/seo\/ -->\n<title>Stojak choinkowy Start 3 drzewko do 300cm Pozna\u0144<\/title>\n<meta name=\"description\" content=\"Stojaki do choinki \u261b Wybierz jedn\u0105 z naszych pi\u0119knych choinek i kup pod ni\u0105 stojak. Dostawa stojaka wraz z choink\u0105. Sprawd\u017a\" \/>\n<meta name=\"robots\" content=\"index, follow, max-snippet:-1, max-image-preview:large, max-video-preview:-1\" \/>\n<link rel=\"canonical\" href=\"https:\/\/choinkaonline.pl\/poznan\/kategoria\/stojak-choinkowy-start-3-drzewko-do-300cm\/\" \/>\n<meta property=\"og:locale\" content=\"pl_PL\" \/>\n<meta property=\"og:type\" content=\"article\" \/>\n<meta property=\"og:title\" content=\"Stojak choinkowy Start 3 drzewko do 300cm Pozna\u0144\" \/>\n<meta property=\"og:description\" content=\"Stojaki do choinki \u261b Wybierz jedn\u0105 z naszych pi\u0119knych choinek i kup pod ni\u0105 stojak. Dostawa stojaka wraz z choink\u0105. Sprawd\u017a\" \/>\n<meta property=\"og:url\" content=\"https:\/\/choinkaonline.pl\/poznan\/kategoria\/stojak-choinkowy-start-3-drzewko-do-300cm\/\" \/>\n<meta property=\"og:site_name\" content=\"Choinki \u017cywe Pozna\u0144 2025\" \/>\n<meta property=\"article:modified_time\" content=\"2025-11-16T12:54:45+00:00\" \/>\n<meta property=\"og:image\" content=\"https:\/\/choinkaonline.pl\/poznan\/wp-content\/uploads\/2021\/10\/126-stojak-choinkowy-kamai-start-3-drzewko-300cm-1.jpg\" \/>\n\t<meta property=\"og:image:width\" content=\"1182\" \/>\n\t<meta property=\"og:image:height\" content=\"1182\" \/>\n\t<meta property=\"og:image:type\" content=\"image\/jpeg\" \/>\n<meta name=\"twitter:card\" content=\"summary_large_image\" \/>\n<meta name=\"twitter:label1\" content=\"Szacowany czas czytania\" \/>\n\t<meta name=\"twitter:data1\" content=\"2 minuty\" \/>\n<script type=\"application\/ld+json\" class=\"yoast-schema-graph\">{\"@context\":\"https:\/\/schema.org\",\"@graph\":[{\"@type\":\"WebPage\",\"@id\":\"https:\/\/choinkaonline.pl\/poznan\/kategoria\/stojak-choinkowy-start-3-drzewko-do-300cm\/\",\"url\":\"https:\/\/choinkaonline.pl\/poznan\/kategoria\/stojak-choinkowy-start-3-drzewko-do-300cm\/\",\"name\":\"Stojak choinkowy Start 3 drzewko do 300cm Pozna\u0144\",\"isPartOf\":{\"@id\":\"https:\/\/choinkaonline.pl\/poznan\/#website\"},\"primaryImageOfPage\":{\"@id\":\"https:\/\/choinkaonline.pl\/poznan\/kategoria\/stojak-choinkowy-start-3-drzewko-do-300cm\/#primaryimage\"},\"image\":{\"@id\":\"https:\/\/choinkaonline.pl\/poznan\/kategoria\/stojak-choinkowy-start-3-drzewko-do-300cm\/#primaryimage\"},\"thumbnailUrl\":\"https:\/\/choinkaonline.pl\/poznan\/wp-content\/uploads\/2021\/10\/126-stojak-choinkowy-kamai-start-3-drzewko-300cm-1.jpg\",\"datePublished\":\"2023-11-12T15:14:23+00:00\",\"dateModified\":\"2025-11-16T12:54:45+00:00\",\"description\":\"Stojaki do choinki \u261b Wybierz jedn\u0105 z naszych pi\u0119knych choinek i kup pod ni\u0105 stojak. Dostawa stojaka wraz z choink\u0105. Sprawd\u017a\",\"breadcrumb\":{\"@id\":\"https:\/\/choinkaonline.pl\/poznan\/kategoria\/stojak-choinkowy-start-3-drzewko-do-300cm\/#breadcrumb\"},\"inLanguage\":\"pl-PL\",\"potentialAction\":[{\"@type\":\"ReadAction\",\"target\":[\"https:\/\/choinkaonline.pl\/poznan\/kategoria\/stojak-choinkowy-start-3-drzewko-do-300cm\/\"]}]},{\"@type\":\"ImageObject\",\"inLanguage\":\"pl-PL\",\"@id\":\"https:\/\/choinkaonline.pl\/poznan\/kategoria\/stojak-choinkowy-start-3-drzewko-do-300cm\/#primaryimage\",\"url\":\"https:\/\/choinkaonline.pl\/poznan\/wp-content\/uploads\/2021\/10\/126-stojak-choinkowy-kamai-start-3-drzewko-300cm-1.jpg\",\"contentUrl\":\"https:\/\/choinkaonline.pl\/poznan\/wp-content\/uploads\/2021\/10\/126-stojak-choinkowy-kamai-start-3-drzewko-300cm-1.jpg\",\"width\":1182,\"height\":1182},{\"@type\":\"BreadcrumbList\",\"@id\":\"https:\/\/choinkaonline.pl\/poznan\/kategoria\/stojak-choinkowy-start-3-drzewko-do-300cm\/#breadcrumb\",\"itemListElement\":[{\"@type\":\"ListItem\",\"position\":1,\"name\":\"Strona g\u0142\u00f3wna\",\"item\":\"https:\/\/choinkaonline.pl\/poznan\/\"},{\"@type\":\"ListItem\",\"position\":2,\"name\":\"Sklep\",\"item\":\"https:\/\/choinkaonline.pl\/poznan\/sklep\/\"},{\"@type\":\"ListItem\",\"position\":3,\"name\":\"Stojak choinkowy Start 3 drzewko do 300cm\"}]},{\"@type\":\"WebSite\",\"@id\":\"https:\/\/choinkaonline.pl\/poznan\/#website\",\"url\":\"https:\/\/choinkaonline.pl\/poznan\/\",\"name\":\"Choinki \u017cywe Pozna\u0144 2025\",\"description\":\"darmowa dostawa do domu\",\"potentialAction\":[{\"@type\":\"SearchAction\",\"target\":{\"@type\":\"EntryPoint\",\"urlTemplate\":\"https:\/\/choinkaonline.pl\/poznan\/?s={search_term_string}\"},\"query-input\":{\"@type\":\"PropertyValueSpecification\",\"valueRequired\":true,\"valueName\":\"search_term_string\"}}],\"inLanguage\":\"pl-PL\"}]}<\/script>\n<!-- \/ Yoast SEO plugin. -->","yoast_head_json":{"title":"Stojak choinkowy Start 3 drzewko do 300cm Pozna\u0144","description":"Stojaki do choinki \u261b Wybierz jedn\u0105 z naszych pi\u0119knych choinek i kup pod ni\u0105 stojak. Dostawa stojaka wraz z choink\u0105. Sprawd\u017a","robots":{"index":"index","follow":"follow","max-snippet":"max-snippet:-1","max-image-preview":"max-image-preview:large","max-video-preview":"max-video-preview:-1"},"canonical":"https:\/\/choinkaonline.pl\/poznan\/kategoria\/stojak-choinkowy-start-3-drzewko-do-300cm\/","og_locale":"pl_PL","og_type":"article","og_title":"Stojak choinkowy Start 3 drzewko do 300cm Pozna\u0144","og_description":"Stojaki do choinki \u261b Wybierz jedn\u0105 z naszych pi\u0119knych choinek i kup pod ni\u0105 stojak. Dostawa stojaka wraz z choink\u0105. Sprawd\u017a","og_url":"https:\/\/choinkaonline.pl\/poznan\/kategoria\/stojak-choinkowy-start-3-drzewko-do-300cm\/","og_site_name":"Choinki \u017cywe Pozna\u0144 2025","article_modified_time":"2025-11-16T12:54:45+00:00","og_image":[{"width":1182,"height":1182,"url":"https:\/\/choinkaonline.pl\/poznan\/wp-content\/uploads\/2021\/10\/126-stojak-choinkowy-kamai-start-3-drzewko-300cm-1.jpg","type":"image\/jpeg"}],"twitter_card":"summary_large_image","twitter_misc":{"Szacowany czas czytania":"2 minuty"},"schema":{"@context":"https:\/\/schema.org","@graph":[{"@type":"WebPage","@id":"https:\/\/choinkaonline.pl\/poznan\/kategoria\/stojak-choinkowy-start-3-drzewko-do-300cm\/","url":"https:\/\/choinkaonline.pl\/poznan\/kategoria\/stojak-choinkowy-start-3-drzewko-do-300cm\/","name":"Stojak choinkowy Start 3 drzewko do 300cm Pozna\u0144","isPartOf":{"@id":"https:\/\/choinkaonline.pl\/poznan\/#website"},"primaryImageOfPage":{"@id":"https:\/\/choinkaonline.pl\/poznan\/kategoria\/stojak-choinkowy-start-3-drzewko-do-300cm\/#primaryimage"},"image":{"@id":"https:\/\/choinkaonline.pl\/poznan\/kategoria\/stojak-choinkowy-start-3-drzewko-do-300cm\/#primaryimage"},"thumbnailUrl":"https:\/\/choinkaonline.pl\/poznan\/wp-content\/uploads\/2021\/10\/126-stojak-choinkowy-kamai-start-3-drzewko-300cm-1.jpg","datePublished":"2023-11-12T15:14:23+00:00","dateModified":"2025-11-16T12:54:45+00:00","description":"Stojaki do choinki \u261b Wybierz jedn\u0105 z naszych pi\u0119knych choinek i kup pod ni\u0105 stojak. Dostawa stojaka wraz z choink\u0105. Sprawd\u017a","breadcrumb":{"@id":"https:\/\/choinkaonline.pl\/poznan\/kategoria\/stojak-choinkowy-start-3-drzewko-do-300cm\/#breadcrumb"},"inLanguage":"pl-PL","potentialAction":[{"@type":"ReadAction","target":["https:\/\/choinkaonline.pl\/poznan\/kategoria\/stojak-choinkowy-start-3-drzewko-do-300cm\/"]}]},{"@type":"ImageObject","inLanguage":"pl-PL","@id":"https:\/\/choinkaonline.pl\/poznan\/kategoria\/stojak-choinkowy-start-3-drzewko-do-300cm\/#primaryimage","url":"https:\/\/choinkaonline.pl\/poznan\/wp-content\/uploads\/2021\/10\/126-stojak-choinkowy-kamai-start-3-drzewko-300cm-1.jpg","contentUrl":"https:\/\/choinkaonline.pl\/poznan\/wp-content\/uploads\/2021\/10\/126-stojak-choinkowy-kamai-start-3-drzewko-300cm-1.jpg","width":1182,"height":1182},{"@type":"BreadcrumbList","@id":"https:\/\/choinkaonline.pl\/poznan\/kategoria\/stojak-choinkowy-start-3-drzewko-do-300cm\/#breadcrumb","itemListElement":[{"@type":"ListItem","position":1,"name":"Strona g\u0142\u00f3wna","item":"https:\/\/choinkaonline.pl\/poznan\/"},{"@type":"ListItem","position":2,"name":"Sklep","item":"https:\/\/choinkaonline.pl\/poznan\/sklep\/"},{"@type":"ListItem","position":3,"name":"Stojak choinkowy Start 3 drzewko do 300cm"}]},{"@type":"WebSite","@id":"https:\/\/choinkaonline.pl\/poznan\/#website","url":"https:\/\/choinkaonline.pl\/poznan\/","name":"Choinki \u017cywe Pozna\u0144 2025","description":"darmowa dostawa do domu","potentialAction":[{"@type":"SearchAction","target":{"@type":"EntryPoint","urlTemplate":"https:\/\/choinkaonline.pl\/poznan\/?s={search_term_string}"},"query-input":{"@type":"PropertyValueSpecification","valueRequired":true,"valueName":"search_term_string"}}],"inLanguage":"pl-PL"}]}},"_links":{"self":[{"href":"https:\/\/choinkaonline.pl\/poznan\/wp-json\/wp\/v2\/product\/1541","targetHints":{"allow":["GET"]}}],"collection":[{"href":"https:\/\/choinkaonline.pl\/poznan\/wp-json\/wp\/v2\/product"}],"about":[{"href":"https:\/\/choinkaonline.pl\/poznan\/wp-json\/wp\/v2\/types\/product"}],"replies":[{"embeddable":true,"href":"https:\/\/choinkaonline.pl\/poznan\/wp-json\/wp\/v2\/comments?post=1541"}],"wp:featuredmedia":[{"embeddable":true,"href":"https:\/\/choinkaonline.pl\/poznan\/wp-json\/wp\/v2\/media\/3121"}],"wp:attachment":[{"href":"https:\/\/choinkaonline.pl\/poznan\/wp-json\/wp\/v2\/media?parent=1541"}],"wp:term":[{"taxonomy":"product_brand","embeddable":true,"href":"https:\/\/choinkaonline.pl\/poznan\/wp-json\/wp\/v2\/product_brand?post=1541"},{"taxonomy":"product_cat","embeddable":true,"href":"https:\/\/choinkaonline.pl\/poznan\/wp-json\/wp\/v2\/product_cat?post=1541"},{"taxonomy":"product_tag","embeddable":true,"href":"https:\/\/choinkaonline.pl\/poznan\/wp-json\/wp\/v2\/product_tag?post=1541"}],"curies":[{"name":"wp","href":"https:\/\/api.w.org\/{rel}","templated":true}]}}