{"id":1513,"date":"2023-11-12T14:36:45","date_gmt":"2023-11-12T13:36:45","guid":{"rendered":"https:\/\/new.choinkaonline.pl\/?post_type=product&#038;p=1513"},"modified":"2025-12-17T21:17:31","modified_gmt":"2025-12-17T20:17:31","slug":"jodla-kaukaska","status":"publish","type":"product","link":"https:\/\/choinkaonline.pl\/poznan\/kategoria\/jodla-kaukaska\/","title":{"rendered":"Jod\u0142a kaukaska Premium | Pozna\u0144"},"content":{"rendered":"<h1><strong>Jod\u0142a kaukaska z dostaw\u0105 w Poznaniu\u00a0<\/strong><\/h1>\n<p>Od 2017 roku zajmujemy si\u0119 profesjonaln\u0105 dostaw\u0105 \u017cywych choinek. Od 2024 roku dostawa do domu jest realizowana r\u00f3wnie\u017c w Poznaniu. Zale\u017cy nam, \u017ce wyr\u0119czy\u0107 Was chocia\u017c z tej jednej czynno\u015bci &#8211; przynosi\u0107 do Waszych dom\u00f3w \u015awi\u0119ta i da\u0107 Wam czas na zaj\u0119cie si\u0119 tym, co najwa\u017cniejsze &#8211; przygotowaniami do \u015bwi\u0105t i czasem z bliskimi. Dostarczamy \u015bwie\u017ce jod\u0142y kaukaska, kt\u00f3re pochodz\u0105 z plantacji Pana Grzegorza i Pana Romana na Pomorzu Zachodnim oraz z mazowieckich plantacji prowadzonych przez Pani\u0105 Anet\u0119. Nasze drzewka s\u0105 \u015bcinane mo\u017cliwie nied\u0142ugo przed dostaw\u0105, co pozwala zachowa\u0107 ich \u015bwie\u017co\u015b\u0107 i trwa\u0142o\u015b\u0107 nawet przez 4-5 tygodni.<\/p>\n<p>Choinka z dostaw\u0105 w Poznaniu przechodzi przez nasz proces selekcji &#8211; wybieramy takie drzewka, kt\u00f3re sami chcieliby\u015bmy postawi\u0107 w naszych domach. Jod\u0142y kaukaskie znane s\u0105 z mi\u0119kkich igie\u0142, co sprawia, \u017ce s\u0105 bezpiecznym wyborem dla rodzin z dzie\u0107mi i zwierz\u0119tami.<\/p>\n<p>\u015awi\u0119ta Bo\u017cego Narodzenia to dla nas szczeg\u00f3lny czas, kiedy mo\u017cemy pom\u00f3c mieszka\u0144com Poznania w tworzeniu magicznej, \u015bwi\u0105tecznej atmosfery. Dok\u0142adamy wszelkich stara\u0144, aby choinki z dostaw\u0105 do domu Pozna\u0144 dociera\u0142y do Was na czas i w dobrym stanie. W aucie b\u0119dzie ich maksymalnie kilkana\u015bcie, kierowca pomo\u017ce dostarczy\u0107 pod drzwi oraz mo\u017ce pom\u00f3c przy obsadzaniu choinki.<\/p>\n<ul>\n<li>Poznaj\u00a0<strong><a title=\"Opinie Klient\u00f3w\" href=\"https:\/\/choinkaonline.pl\/poznan\/strona\/wasze-opinie\/\" target=\"_blank\" rel=\"noopener\">opinie klient\u00f3w<\/a>\u00a0<\/strong>z poprzednich lat.<\/li>\n<li>Przeczytaj\u00a0<strong><a href=\"https:\/\/choinkaonline.pl\/poznan\/strona\/najczesciej-zadawane-pytania\/\" target=\"_blank\" rel=\"noopener\">najcz\u0119\u015bciej zadawane pytania<\/a><\/strong>.\u00a0<strong><a href=\"https:\/\/choinkaonline.pl\/poznan\/strona\/kontakt\" target=\"_blank\" rel=\"noopener\"><br \/>\n<\/a><\/strong><\/li>\n<li><strong><a href=\"https:\/\/choinkaonline.pl\/strona\/kontakt\" target=\"_blank\" rel=\"noopener\">Zadzwo\u0144 lub napisz.<\/a><\/strong><\/li>\n<\/ul>\n<p>&nbsp;<\/p>\n","protected":false},"excerpt":{"rendered":"<p>Nie czekaj, zakup swoj\u0105 choink\u0119 ju\u017c teraz! Okre\u015bl preferowany dzie\u0144 dostarczenia, a my wybierzemy jod\u0142\u0119 specjalnie dla Ciebie i dostarczymy j\u0105 prosto pod Twoje drzwi. Zapomnij o k\u0142opotach z transportem.<\/p>\n<p>Dlaczego m\u0119czy\u0107 si\u0119 z przewo\u017ceniem choinki? Unikniesz ba\u0142aganu z ig\u0142ami w samochodzie i \u017cywicy na ubraniach. Dostarczymy Ci \u015bwie\u017c\u0105, pi\u0119kn\u0105 jod\u0142\u0119 bezpo\u015brednio do domu. Nasze drzewka pochodz\u0105 z lokalnych plantacji, a nie z odleg\u0142ej Danii, co przek\u0142ada si\u0119 na mniejsze obci\u0105\u017cenie dla \u015brodowiska dzi\u0119ki skr\u00f3ceniu trasy transportu. Drzewko z pewno\u015bci\u0105 przyjedzie do Ciebie \u015bwie\u017ce, pachn\u0105ce i przetrwa w Twoim domu nawet do 4-5 tygodni.<\/p>\n","protected":false},"featured_media":8473,"comment_status":"open","ping_status":"closed","template":"","meta":{"site-sidebar-layout":"default","site-content-layout":"default","ast-site-content-layout":"default","site-content-style":"default","site-sidebar-style":"default","ast-global-header-display":"","ast-banner-title-visibility":"","ast-main-header-display":"","ast-hfb-above-header-display":"","ast-hfb-below-header-display":"","ast-hfb-mobile-header-display":"","site-post-title":"","ast-breadcrumbs-content":"","ast-featured-img":"","footer-sml-layout":"","theme-transparent-header-meta":"disabled","adv-header-id-meta":"","stick-header-meta":"","header-above-stick-meta":"","header-main-stick-meta":"","header-below-stick-meta":"","astra-migrate-meta-layouts":"set","ast-page-background-enabled":"default","ast-page-background-meta":{"desktop":{"background-color":"var(--ast-global-color-4)","background-image":"","background-repeat":"repeat","background-position":"center center","background-size":"auto","background-attachment":"scroll","background-type":"","background-media":"","overlay-type":"","overlay-color":"","overlay-opacity":"","overlay-gradient":""},"tablet":{"background-color":"","background-image":"","background-repeat":"repeat","background-position":"center center","background-size":"auto","background-attachment":"scroll","background-type":"","background-media":"","overlay-type":"","overlay-color":"","overlay-opacity":"","overlay-gradient":""},"mobile":{"background-color":"","background-image":"","background-repeat":"repeat","background-position":"center center","background-size":"auto","background-attachment":"scroll","background-type":"","background-media":"","overlay-type":"","overlay-color":"","overlay-opacity":"","overlay-gradient":""}},"ast-content-background-meta":{"desktop":{"background-color":"var(--ast-global-color-5)","background-image":"","background-repeat":"repeat","background-position":"center center","background-size":"auto","background-attachment":"scroll","background-type":"","background-media":"","overlay-type":"","overlay-color":"","overlay-opacity":"","overlay-gradient":""},"tablet":{"background-color":"var(--ast-global-color-5)","background-image":"","background-repeat":"repeat","background-position":"center center","background-size":"auto","background-attachment":"scroll","background-type":"","background-media":"","overlay-type":"","overlay-color":"","overlay-opacity":"","overlay-gradient":""},"mobile":{"background-color":"var(--ast-global-color-5)","background-image":"","background-repeat":"repeat","background-position":"center center","background-size":"auto","background-attachment":"scroll","background-type":"","background-media":"","overlay-type":"","overlay-color":"","overlay-opacity":"","overlay-gradient":""}}},"product_brand":[],"product_cat":[33,34,35,36,37,64,38,66],"product_tag":[],"class_list":{"0":"post-1513","1":"product","2":"type-product","3":"status-publish","4":"has-post-thumbnail","6":"product_cat-choinka-150-175cm-poznan","7":"product_cat-choinka-175-200cm-poznan","8":"product_cat-choinka-200-225cm-poznan","9":"product_cat-choinka-225-250cm-poznan","10":"product_cat-choinka-250-300cm","11":"product_cat-choinka-cieta","12":"product_cat-jodla-kaukaska-poznan","13":"product_cat-wszystkie","14":"desktop-align-left","15":"tablet-align-left","16":"mobile-align-left","17":"ast-product-gallery-layout-vertical","18":"ast-magnify-disabled","19":"ast-product-single-variable","20":"ast-product-tabs-layout-vertical","22":"first","23":"outofstock","24":"sale","25":"taxable","26":"shipping-taxable","27":"purchasable","28":"product-type-variable"},"yoast_head":"<!-- This site is optimized with the Yoast SEO plugin v26.3 - https:\/\/yoast.com\/wordpress\/plugins\/seo\/ -->\n<title>Jod\u0142a kaukaska z dostaw\u0105 Pozna\u0144 2025<\/title>\n<meta name=\"description\" content=\"Jod\u0142a kaukaska Pozna\u0144 2025 \u261b Pi\u0119kne i dorodne drzewka \u2b50 Wybieramy, jak do swojego domu \u2b50 Zam\u00f3w pi\u0119kn\u0105 choink\u0119 ju\u017c dzisiaj z dostaw\u0105\" \/>\n<meta name=\"robots\" content=\"index, follow, max-snippet:-1, max-image-preview:large, max-video-preview:-1\" \/>\n<link rel=\"canonical\" href=\"https:\/\/choinkaonline.pl\/poznan\/kategoria\/jodla-kaukaska\/\" \/>\n<meta property=\"og:locale\" content=\"pl_PL\" \/>\n<meta property=\"og:type\" content=\"article\" \/>\n<meta property=\"og:title\" content=\"Jod\u0142a kaukaska z dostaw\u0105 Pozna\u0144 2025\" \/>\n<meta property=\"og:description\" content=\"Jod\u0142a kaukaska Pozna\u0144 2025 \u261b Pi\u0119kne i dorodne drzewka \u2b50 Wybieramy, jak do swojego domu \u2b50 Zam\u00f3w pi\u0119kn\u0105 choink\u0119 ju\u017c dzisiaj z dostaw\u0105\" \/>\n<meta property=\"og:url\" content=\"https:\/\/choinkaonline.pl\/poznan\/kategoria\/jodla-kaukaska\/\" \/>\n<meta property=\"og:site_name\" content=\"Choinki \u017cywe Pozna\u0144 2025\" \/>\n<meta property=\"article:modified_time\" content=\"2025-12-17T20:17:31+00:00\" \/>\n<meta property=\"og:image\" content=\"https:\/\/choinkaonline.pl\/poznan\/wp-content\/uploads\/2023\/11\/jodla_cieta.jpg\" \/>\n\t<meta property=\"og:image:width\" content=\"1080\" \/>\n\t<meta property=\"og:image:height\" content=\"1080\" \/>\n\t<meta property=\"og:image:type\" content=\"image\/jpeg\" \/>\n<meta name=\"twitter:card\" content=\"summary_large_image\" \/>\n<meta name=\"twitter:label1\" content=\"Szacowany czas czytania\" \/>\n\t<meta name=\"twitter:data1\" content=\"2 minuty\" \/>\n<script type=\"application\/ld+json\" class=\"yoast-schema-graph\">{\"@context\":\"https:\/\/schema.org\",\"@graph\":[{\"@type\":\"WebPage\",\"@id\":\"https:\/\/choinkaonline.pl\/poznan\/kategoria\/jodla-kaukaska\/\",\"url\":\"https:\/\/choinkaonline.pl\/poznan\/kategoria\/jodla-kaukaska\/\",\"name\":\"Jod\u0142a kaukaska z dostaw\u0105 Pozna\u0144 2025\",\"isPartOf\":{\"@id\":\"https:\/\/choinkaonline.pl\/poznan\/#website\"},\"primaryImageOfPage\":{\"@id\":\"https:\/\/choinkaonline.pl\/poznan\/kategoria\/jodla-kaukaska\/#primaryimage\"},\"image\":{\"@id\":\"https:\/\/choinkaonline.pl\/poznan\/kategoria\/jodla-kaukaska\/#primaryimage\"},\"thumbnailUrl\":\"https:\/\/choinkaonline.pl\/poznan\/wp-content\/uploads\/2023\/11\/jodla_cieta.jpg\",\"datePublished\":\"2023-11-12T13:36:45+00:00\",\"dateModified\":\"2025-12-17T20:17:31+00:00\",\"description\":\"Jod\u0142a kaukaska Pozna\u0144 2025 \u261b Pi\u0119kne i dorodne drzewka \u2b50 Wybieramy, jak do swojego domu \u2b50 Zam\u00f3w pi\u0119kn\u0105 choink\u0119 ju\u017c dzisiaj z dostaw\u0105\",\"breadcrumb\":{\"@id\":\"https:\/\/choinkaonline.pl\/poznan\/kategoria\/jodla-kaukaska\/#breadcrumb\"},\"inLanguage\":\"pl-PL\",\"potentialAction\":[{\"@type\":\"ReadAction\",\"target\":[\"https:\/\/choinkaonline.pl\/poznan\/kategoria\/jodla-kaukaska\/\"]}]},{\"@type\":\"ImageObject\",\"inLanguage\":\"pl-PL\",\"@id\":\"https:\/\/choinkaonline.pl\/poznan\/kategoria\/jodla-kaukaska\/#primaryimage\",\"url\":\"https:\/\/choinkaonline.pl\/poznan\/wp-content\/uploads\/2023\/11\/jodla_cieta.jpg\",\"contentUrl\":\"https:\/\/choinkaonline.pl\/poznan\/wp-content\/uploads\/2023\/11\/jodla_cieta.jpg\",\"width\":1080,\"height\":1080},{\"@type\":\"BreadcrumbList\",\"@id\":\"https:\/\/choinkaonline.pl\/poznan\/kategoria\/jodla-kaukaska\/#breadcrumb\",\"itemListElement\":[{\"@type\":\"ListItem\",\"position\":1,\"name\":\"Strona g\u0142\u00f3wna\",\"item\":\"https:\/\/choinkaonline.pl\/poznan\/\"},{\"@type\":\"ListItem\",\"position\":2,\"name\":\"Sklep\",\"item\":\"https:\/\/choinkaonline.pl\/poznan\/sklep\/\"},{\"@type\":\"ListItem\",\"position\":3,\"name\":\"Jod\u0142a kaukaska Premium | Pozna\u0144\"}]},{\"@type\":\"WebSite\",\"@id\":\"https:\/\/choinkaonline.pl\/poznan\/#website\",\"url\":\"https:\/\/choinkaonline.pl\/poznan\/\",\"name\":\"Choinki \u017cywe Pozna\u0144 2025\",\"description\":\"darmowa dostawa do domu\",\"potentialAction\":[{\"@type\":\"SearchAction\",\"target\":{\"@type\":\"EntryPoint\",\"urlTemplate\":\"https:\/\/choinkaonline.pl\/poznan\/?s={search_term_string}\"},\"query-input\":{\"@type\":\"PropertyValueSpecification\",\"valueRequired\":true,\"valueName\":\"search_term_string\"}}],\"inLanguage\":\"pl-PL\"}]}<\/script>\n<!-- \/ Yoast SEO plugin. -->","yoast_head_json":{"title":"Jod\u0142a kaukaska z dostaw\u0105 Pozna\u0144 2025","description":"Jod\u0142a kaukaska Pozna\u0144 2025 \u261b Pi\u0119kne i dorodne drzewka \u2b50 Wybieramy, jak do swojego domu \u2b50 Zam\u00f3w pi\u0119kn\u0105 choink\u0119 ju\u017c dzisiaj z dostaw\u0105","robots":{"index":"index","follow":"follow","max-snippet":"max-snippet:-1","max-image-preview":"max-image-preview:large","max-video-preview":"max-video-preview:-1"},"canonical":"https:\/\/choinkaonline.pl\/poznan\/kategoria\/jodla-kaukaska\/","og_locale":"pl_PL","og_type":"article","og_title":"Jod\u0142a kaukaska z dostaw\u0105 Pozna\u0144 2025","og_description":"Jod\u0142a kaukaska Pozna\u0144 2025 \u261b Pi\u0119kne i dorodne drzewka \u2b50 Wybieramy, jak do swojego domu \u2b50 Zam\u00f3w pi\u0119kn\u0105 choink\u0119 ju\u017c dzisiaj z dostaw\u0105","og_url":"https:\/\/choinkaonline.pl\/poznan\/kategoria\/jodla-kaukaska\/","og_site_name":"Choinki \u017cywe Pozna\u0144 2025","article_modified_time":"2025-12-17T20:17:31+00:00","og_image":[{"width":1080,"height":1080,"url":"https:\/\/choinkaonline.pl\/poznan\/wp-content\/uploads\/2023\/11\/jodla_cieta.jpg","type":"image\/jpeg"}],"twitter_card":"summary_large_image","twitter_misc":{"Szacowany czas czytania":"2 minuty"},"schema":{"@context":"https:\/\/schema.org","@graph":[{"@type":"WebPage","@id":"https:\/\/choinkaonline.pl\/poznan\/kategoria\/jodla-kaukaska\/","url":"https:\/\/choinkaonline.pl\/poznan\/kategoria\/jodla-kaukaska\/","name":"Jod\u0142a kaukaska z dostaw\u0105 Pozna\u0144 2025","isPartOf":{"@id":"https:\/\/choinkaonline.pl\/poznan\/#website"},"primaryImageOfPage":{"@id":"https:\/\/choinkaonline.pl\/poznan\/kategoria\/jodla-kaukaska\/#primaryimage"},"image":{"@id":"https:\/\/choinkaonline.pl\/poznan\/kategoria\/jodla-kaukaska\/#primaryimage"},"thumbnailUrl":"https:\/\/choinkaonline.pl\/poznan\/wp-content\/uploads\/2023\/11\/jodla_cieta.jpg","datePublished":"2023-11-12T13:36:45+00:00","dateModified":"2025-12-17T20:17:31+00:00","description":"Jod\u0142a kaukaska Pozna\u0144 2025 \u261b Pi\u0119kne i dorodne drzewka \u2b50 Wybieramy, jak do swojego domu \u2b50 Zam\u00f3w pi\u0119kn\u0105 choink\u0119 ju\u017c dzisiaj z dostaw\u0105","breadcrumb":{"@id":"https:\/\/choinkaonline.pl\/poznan\/kategoria\/jodla-kaukaska\/#breadcrumb"},"inLanguage":"pl-PL","potentialAction":[{"@type":"ReadAction","target":["https:\/\/choinkaonline.pl\/poznan\/kategoria\/jodla-kaukaska\/"]}]},{"@type":"ImageObject","inLanguage":"pl-PL","@id":"https:\/\/choinkaonline.pl\/poznan\/kategoria\/jodla-kaukaska\/#primaryimage","url":"https:\/\/choinkaonline.pl\/poznan\/wp-content\/uploads\/2023\/11\/jodla_cieta.jpg","contentUrl":"https:\/\/choinkaonline.pl\/poznan\/wp-content\/uploads\/2023\/11\/jodla_cieta.jpg","width":1080,"height":1080},{"@type":"BreadcrumbList","@id":"https:\/\/choinkaonline.pl\/poznan\/kategoria\/jodla-kaukaska\/#breadcrumb","itemListElement":[{"@type":"ListItem","position":1,"name":"Strona g\u0142\u00f3wna","item":"https:\/\/choinkaonline.pl\/poznan\/"},{"@type":"ListItem","position":2,"name":"Sklep","item":"https:\/\/choinkaonline.pl\/poznan\/sklep\/"},{"@type":"ListItem","position":3,"name":"Jod\u0142a kaukaska Premium | Pozna\u0144"}]},{"@type":"WebSite","@id":"https:\/\/choinkaonline.pl\/poznan\/#website","url":"https:\/\/choinkaonline.pl\/poznan\/","name":"Choinki \u017cywe Pozna\u0144 2025","description":"darmowa dostawa do domu","potentialAction":[{"@type":"SearchAction","target":{"@type":"EntryPoint","urlTemplate":"https:\/\/choinkaonline.pl\/poznan\/?s={search_term_string}"},"query-input":{"@type":"PropertyValueSpecification","valueRequired":true,"valueName":"search_term_string"}}],"inLanguage":"pl-PL"}]}},"_links":{"self":[{"href":"https:\/\/choinkaonline.pl\/poznan\/wp-json\/wp\/v2\/product\/1513","targetHints":{"allow":["GET"]}}],"collection":[{"href":"https:\/\/choinkaonline.pl\/poznan\/wp-json\/wp\/v2\/product"}],"about":[{"href":"https:\/\/choinkaonline.pl\/poznan\/wp-json\/wp\/v2\/types\/product"}],"replies":[{"embeddable":true,"href":"https:\/\/choinkaonline.pl\/poznan\/wp-json\/wp\/v2\/comments?post=1513"}],"wp:featuredmedia":[{"embeddable":true,"href":"https:\/\/choinkaonline.pl\/poznan\/wp-json\/wp\/v2\/media\/8473"}],"wp:attachment":[{"href":"https:\/\/choinkaonline.pl\/poznan\/wp-json\/wp\/v2\/media?parent=1513"}],"wp:term":[{"taxonomy":"product_brand","embeddable":true,"href":"https:\/\/choinkaonline.pl\/poznan\/wp-json\/wp\/v2\/product_brand?post=1513"},{"taxonomy":"product_cat","embeddable":true,"href":"https:\/\/choinkaonline.pl\/poznan\/wp-json\/wp\/v2\/product_cat?post=1513"},{"taxonomy":"product_tag","embeddable":true,"href":"https:\/\/choinkaonline.pl\/poznan\/wp-json\/wp\/v2\/product_tag?post=1513"}],"curies":[{"name":"wp","href":"https:\/\/api.w.org\/{rel}","templated":true}]}}