{"id":1062,"date":"2021-10-18T15:18:58","date_gmt":"2021-10-18T13:18:58","guid":{"rendered":"https:\/\/new.choinkaonline.pl\/?page_id=1062"},"modified":"2024-12-01T18:58:38","modified_gmt":"2024-12-01T17:58:38","slug":"jaka-choinke-wybrac","status":"publish","type":"page","link":"https:\/\/choinkaonline.pl\/poznan\/strona\/jaka-choinke-wybrac\/","title":{"rendered":"Jak\u0105 choink\u0119 wybra\u0107"},"content":{"rendered":"\t\t<div data-elementor-type=\"wp-page\" data-elementor-id=\"1062\" class=\"elementor elementor-1062\" data-elementor-post-type=\"page\">\n\t\t\t\t\t\t<section class=\"elementor-section elementor-top-section elementor-element elementor-element-b61280b elementor-section-boxed elementor-section-height-default elementor-section-height-default\" data-id=\"b61280b\" data-element_type=\"section\" data-settings=\"{&quot;jet_parallax_layout_list&quot;:[{&quot;jet_parallax_layout_image&quot;:{&quot;url&quot;:&quot;&quot;,&quot;id&quot;:&quot;&quot;,&quot;size&quot;:&quot;&quot;},&quot;_id&quot;:&quot;5281f96&quot;,&quot;jet_parallax_layout_image_tablet&quot;:{&quot;url&quot;:&quot;&quot;,&quot;id&quot;:&quot;&quot;,&quot;size&quot;:&quot;&quot;},&quot;jet_parallax_layout_image_mobile&quot;:{&quot;url&quot;:&quot;&quot;,&quot;id&quot;:&quot;&quot;,&quot;size&quot;:&quot;&quot;},&quot;jet_parallax_layout_speed&quot;:{&quot;unit&quot;:&quot;%&quot;,&quot;size&quot;:50,&quot;sizes&quot;:[]},&quot;jet_parallax_layout_type&quot;:&quot;scroll&quot;,&quot;jet_parallax_layout_direction&quot;:&quot;1&quot;,&quot;jet_parallax_layout_fx_direction&quot;:null,&quot;jet_parallax_layout_z_index&quot;:&quot;&quot;,&quot;jet_parallax_layout_bg_x&quot;:50,&quot;jet_parallax_layout_bg_x_tablet&quot;:&quot;&quot;,&quot;jet_parallax_layout_bg_x_mobile&quot;:&quot;&quot;,&quot;jet_parallax_layout_bg_y&quot;:50,&quot;jet_parallax_layout_bg_y_tablet&quot;:&quot;&quot;,&quot;jet_parallax_layout_bg_y_mobile&quot;:&quot;&quot;,&quot;jet_parallax_layout_bg_size&quot;:&quot;auto&quot;,&quot;jet_parallax_layout_bg_size_tablet&quot;:&quot;&quot;,&quot;jet_parallax_layout_bg_size_mobile&quot;:&quot;&quot;,&quot;jet_parallax_layout_animation_prop&quot;:&quot;transform&quot;,&quot;jet_parallax_layout_on&quot;:[&quot;desktop&quot;,&quot;tablet&quot;]}]}\">\n\t\t\t\t\t\t<div class=\"elementor-container elementor-column-gap-no\">\n\t\t\t\t\t<div class=\"elementor-column elementor-col-100 elementor-top-column elementor-element elementor-element-005bde1\" data-id=\"005bde1\" data-element_type=\"column\">\n\t\t\t<div class=\"elementor-widget-wrap elementor-element-populated\">\n\t\t\t\t\t\t<section class=\"elementor-section elementor-inner-section elementor-element elementor-element-72f91b1 elementor-section-boxed elementor-section-height-default elementor-section-height-default\" data-id=\"72f91b1\" data-element_type=\"section\" data-settings=\"{&quot;jet_parallax_layout_list&quot;:[{&quot;jet_parallax_layout_image&quot;:{&quot;url&quot;:&quot;&quot;,&quot;id&quot;:&quot;&quot;,&quot;size&quot;:&quot;&quot;},&quot;_id&quot;:&quot;5337234&quot;,&quot;jet_parallax_layout_image_tablet&quot;:{&quot;url&quot;:&quot;&quot;,&quot;id&quot;:&quot;&quot;,&quot;size&quot;:&quot;&quot;},&quot;jet_parallax_layout_image_mobile&quot;:{&quot;url&quot;:&quot;&quot;,&quot;id&quot;:&quot;&quot;,&quot;size&quot;:&quot;&quot;},&quot;jet_parallax_layout_speed&quot;:{&quot;unit&quot;:&quot;%&quot;,&quot;size&quot;:50,&quot;sizes&quot;:[]},&quot;jet_parallax_layout_type&quot;:&quot;scroll&quot;,&quot;jet_parallax_layout_direction&quot;:&quot;1&quot;,&quot;jet_parallax_layout_fx_direction&quot;:null,&quot;jet_parallax_layout_z_index&quot;:&quot;&quot;,&quot;jet_parallax_layout_bg_x&quot;:50,&quot;jet_parallax_layout_bg_x_tablet&quot;:&quot;&quot;,&quot;jet_parallax_layout_bg_x_mobile&quot;:&quot;&quot;,&quot;jet_parallax_layout_bg_y&quot;:50,&quot;jet_parallax_layout_bg_y_tablet&quot;:&quot;&quot;,&quot;jet_parallax_layout_bg_y_mobile&quot;:&quot;&quot;,&quot;jet_parallax_layout_bg_size&quot;:&quot;auto&quot;,&quot;jet_parallax_layout_bg_size_tablet&quot;:&quot;&quot;,&quot;jet_parallax_layout_bg_size_mobile&quot;:&quot;&quot;,&quot;jet_parallax_layout_animation_prop&quot;:&quot;transform&quot;,&quot;jet_parallax_layout_on&quot;:[&quot;desktop&quot;,&quot;tablet&quot;]}]}\">\n\t\t\t\t\t\t<div class=\"elementor-container elementor-column-gap-no\">\n\t\t\t\t\t<div class=\"elementor-column elementor-col-33 elementor-inner-column elementor-element elementor-element-a6b17dd\" data-id=\"a6b17dd\" data-element_type=\"column\">\n\t\t\t<div class=\"elementor-widget-wrap elementor-element-populated\">\n\t\t\t\t\t\t<div class=\"elementor-element elementor-element-de48062 elementor-widget elementor-widget-heading\" data-id=\"de48062\" data-element_type=\"widget\" data-widget_type=\"heading.default\">\n\t\t\t\t<div class=\"elementor-widget-container\">\n\t\t\t\t\t<h1 class=\"elementor-heading-title elementor-size-default\">sztuczn\u0105 czy \u017cyw\u0105 choink\u0119?<\/h1>\t\t\t\t<\/div>\n\t\t\t\t<\/div>\n\t\t\t\t\t<\/div>\n\t\t<\/div>\n\t\t\t\t<div class=\"elementor-column elementor-col-66 elementor-inner-column elementor-element elementor-element-11a6362 elementor-hidden-tablet elementor-hidden-mobile\" data-id=\"11a6362\" data-element_type=\"column\">\n\t\t\t<div class=\"elementor-widget-wrap\">\n\t\t\t\t\t\t\t<\/div>\n\t\t<\/div>\n\t\t\t\t\t<\/div>\n\t\t<\/section>\n\t\t\t\t<section class=\"elementor-section elementor-inner-section elementor-element elementor-element-c8c54cf elementor-section-boxed elementor-section-height-default elementor-section-height-default\" data-id=\"c8c54cf\" data-element_type=\"section\" data-settings=\"{&quot;jet_parallax_layout_list&quot;:[{&quot;jet_parallax_layout_image&quot;:{&quot;url&quot;:&quot;&quot;,&quot;id&quot;:&quot;&quot;,&quot;size&quot;:&quot;&quot;},&quot;_id&quot;:&quot;5337234&quot;,&quot;jet_parallax_layout_image_tablet&quot;:{&quot;url&quot;:&quot;&quot;,&quot;id&quot;:&quot;&quot;,&quot;size&quot;:&quot;&quot;},&quot;jet_parallax_layout_image_mobile&quot;:{&quot;url&quot;:&quot;&quot;,&quot;id&quot;:&quot;&quot;,&quot;size&quot;:&quot;&quot;},&quot;jet_parallax_layout_speed&quot;:{&quot;unit&quot;:&quot;%&quot;,&quot;size&quot;:50,&quot;sizes&quot;:[]},&quot;jet_parallax_layout_type&quot;:&quot;scroll&quot;,&quot;jet_parallax_layout_direction&quot;:&quot;1&quot;,&quot;jet_parallax_layout_fx_direction&quot;:null,&quot;jet_parallax_layout_z_index&quot;:&quot;&quot;,&quot;jet_parallax_layout_bg_x&quot;:50,&quot;jet_parallax_layout_bg_x_tablet&quot;:&quot;&quot;,&quot;jet_parallax_layout_bg_x_mobile&quot;:&quot;&quot;,&quot;jet_parallax_layout_bg_y&quot;:50,&quot;jet_parallax_layout_bg_y_tablet&quot;:&quot;&quot;,&quot;jet_parallax_layout_bg_y_mobile&quot;:&quot;&quot;,&quot;jet_parallax_layout_bg_size&quot;:&quot;auto&quot;,&quot;jet_parallax_layout_bg_size_tablet&quot;:&quot;&quot;,&quot;jet_parallax_layout_bg_size_mobile&quot;:&quot;&quot;,&quot;jet_parallax_layout_animation_prop&quot;:&quot;transform&quot;,&quot;jet_parallax_layout_on&quot;:[&quot;desktop&quot;,&quot;tablet&quot;]}]}\">\n\t\t\t\t\t\t<div class=\"elementor-container elementor-column-gap-no\">\n\t\t\t\t\t<div class=\"elementor-column elementor-col-33 elementor-inner-column elementor-element elementor-element-076df99\" data-id=\"076df99\" data-element_type=\"column\">\n\t\t\t<div class=\"elementor-widget-wrap elementor-element-populated\">\n\t\t\t\t\t\t<div class=\"elementor-element elementor-element-d17b0e1 elementor-widget__width-initial elementor-widget elementor-widget-heading\" data-id=\"d17b0e1\" data-element_type=\"widget\" data-widget_type=\"heading.default\">\n\t\t\t\t<div class=\"elementor-widget-container\">\n\t\t\t\t\t<h2 class=\"elementor-heading-title elementor-size-default\">\u017bywa czy sztuczna? Jaka choinka jest lepsza?<\/h2>\t\t\t\t<\/div>\n\t\t\t\t<\/div>\n\t\t\t\t\t<\/div>\n\t\t<\/div>\n\t\t\t\t<div class=\"elementor-column elementor-col-66 elementor-inner-column elementor-element elementor-element-3b7fc06\" data-id=\"3b7fc06\" data-element_type=\"column\">\n\t\t\t<div class=\"elementor-widget-wrap elementor-element-populated\">\n\t\t\t\t\t\t<div class=\"elementor-element elementor-element-bdfd0ca link-underline elementor-widget elementor-widget-text-editor\" data-id=\"bdfd0ca\" data-element_type=\"widget\" data-widget_type=\"text-editor.default\">\n\t\t\t\t<div class=\"elementor-widget-container\">\n\t\t\t\t\t\t\t\t\t<p>Badania wykaza\u0142y, \u017ce choinki naturalne maj\u0105 znacznie mniejszy wp\u0142yw na \u015brodowisko ni\u017c choinki sztuczne, emituj\u0105c prawie dwunastokrotnie mniej dwutlenku w\u0119gla. Je\u017celi naturalna choinka zostanie spalona lub przetworzona na produkty stolarskie, przyczynia si\u0119 do emisji oko\u0142o 3,5 kg CO2, podczas gdy jej wyrzucenie na wysypisko \u015bmieci mo\u017ce spowodowa\u0107 emisj\u0119 16 kg CO2. Z kolei sztuczne choinki mog\u0105 generowa\u0107 nawet 40 kg CO2, a do tego dochodz\u0105 dodatkowe koszty zwi\u0105zane z transportem tych choinek z region\u00f3w Dalekiego Wschodu. <a title=\"Przeczytaj ca\u0142y artyku\u0142\" href=\"http:\/\/naukawpolsce.pap.pl\/aktualnosci\/news%2C412501%2Cekolog-dla-srodowiska-lepsza-jest-choinka-naturalna-niz-sztuczna.html\" target=\"_blank\" rel=\"noopener\"><strong>Przeczytaj ca\u0142y artyku\u0142.<\/strong><\/a><\/p>\t\t\t\t\t\t\t\t<\/div>\n\t\t\t\t<\/div>\n\t\t\t\t\t<\/div>\n\t\t<\/div>\n\t\t\t\t\t<\/div>\n\t\t<\/section>\n\t\t\t\t<div class=\"elementor-element elementor-element-274f2ce elementor-widget-divider--view-line elementor-widget elementor-widget-divider\" data-id=\"274f2ce\" data-element_type=\"widget\" data-widget_type=\"divider.default\">\n\t\t\t\t<div class=\"elementor-widget-container\">\n\t\t\t\t\t\t\t<div class=\"elementor-divider\">\n\t\t\t<span class=\"elementor-divider-separator\">\n\t\t\t\t\t\t<\/span>\n\t\t<\/div>\n\t\t\t\t\t\t<\/div>\n\t\t\t\t<\/div>\n\t\t\t\t<div class=\"elementor-element elementor-element-1884e90 elementor-hidden-desktop elementor-hidden-tablet elementor-hidden-mobile elementor-widget elementor-widget-spacer\" data-id=\"1884e90\" data-element_type=\"widget\" data-widget_type=\"spacer.default\">\n\t\t\t\t<div class=\"elementor-widget-container\">\n\t\t\t\t\t\t\t<div class=\"elementor-spacer\">\n\t\t\t<div class=\"elementor-spacer-inner\"><\/div>\n\t\t<\/div>\n\t\t\t\t\t\t<\/div>\n\t\t\t\t<\/div>\n\t\t\t\t<section class=\"elementor-section elementor-inner-section elementor-element elementor-element-a42cbc4 elementor-section-full_width elementor-section-height-default elementor-section-height-default\" data-id=\"a42cbc4\" data-element_type=\"section\" data-settings=\"{&quot;jet_parallax_layout_list&quot;:[{&quot;jet_parallax_layout_image&quot;:{&quot;url&quot;:&quot;&quot;,&quot;id&quot;:&quot;&quot;,&quot;size&quot;:&quot;&quot;},&quot;_id&quot;:&quot;b696ea6&quot;,&quot;jet_parallax_layout_image_tablet&quot;:{&quot;url&quot;:&quot;&quot;,&quot;id&quot;:&quot;&quot;,&quot;size&quot;:&quot;&quot;},&quot;jet_parallax_layout_image_mobile&quot;:{&quot;url&quot;:&quot;&quot;,&quot;id&quot;:&quot;&quot;,&quot;size&quot;:&quot;&quot;},&quot;jet_parallax_layout_speed&quot;:{&quot;unit&quot;:&quot;%&quot;,&quot;size&quot;:50,&quot;sizes&quot;:[]},&quot;jet_parallax_layout_type&quot;:&quot;scroll&quot;,&quot;jet_parallax_layout_direction&quot;:&quot;1&quot;,&quot;jet_parallax_layout_fx_direction&quot;:null,&quot;jet_parallax_layout_z_index&quot;:&quot;&quot;,&quot;jet_parallax_layout_bg_x&quot;:50,&quot;jet_parallax_layout_bg_x_tablet&quot;:&quot;&quot;,&quot;jet_parallax_layout_bg_x_mobile&quot;:&quot;&quot;,&quot;jet_parallax_layout_bg_y&quot;:50,&quot;jet_parallax_layout_bg_y_tablet&quot;:&quot;&quot;,&quot;jet_parallax_layout_bg_y_mobile&quot;:&quot;&quot;,&quot;jet_parallax_layout_bg_size&quot;:&quot;auto&quot;,&quot;jet_parallax_layout_bg_size_tablet&quot;:&quot;&quot;,&quot;jet_parallax_layout_bg_size_mobile&quot;:&quot;&quot;,&quot;jet_parallax_layout_animation_prop&quot;:&quot;transform&quot;,&quot;jet_parallax_layout_on&quot;:[&quot;desktop&quot;,&quot;tablet&quot;]}]}\">\n\t\t\t\t\t\t<div class=\"elementor-container elementor-column-gap-no\">\n\t\t\t\t\t<div class=\"elementor-column elementor-col-50 elementor-inner-column elementor-element elementor-element-bcd2e54\" data-id=\"bcd2e54\" data-element_type=\"column\">\n\t\t\t<div class=\"elementor-widget-wrap elementor-element-populated\">\n\t\t\t\t\t\t<div class=\"elementor-element elementor-element-4ddd74a elementor-widget elementor-widget-heading\" data-id=\"4ddd74a\" data-element_type=\"widget\" data-widget_type=\"heading.default\">\n\t\t\t\t<div class=\"elementor-widget-container\">\n\t\t\t\t\t<h2 class=\"elementor-heading-title elementor-size-default\">Co zrobi\u0107 z choink\u0105 po \u015awi\u0119tach?<\/h2>\t\t\t\t<\/div>\n\t\t\t\t<\/div>\n\t\t\t\t\t<\/div>\n\t\t<\/div>\n\t\t\t\t<div class=\"elementor-column elementor-col-50 elementor-inner-column elementor-element elementor-element-d397e24\" data-id=\"d397e24\" data-element_type=\"column\">\n\t\t\t<div class=\"elementor-widget-wrap elementor-element-populated\">\n\t\t\t\t\t\t<div class=\"elementor-element elementor-element-f8f4f0c link-underline elementor-widget elementor-widget-text-editor\" data-id=\"f8f4f0c\" data-element_type=\"widget\" data-widget_type=\"text-editor.default\">\n\t\t\t\t<div class=\"elementor-widget-container\">\n\t\t\t\t\t\t\t\t\t<p>Osoby, kt\u00f3re zakupi\u0142y ci\u0119te choinki, cz\u0119sto zastanawiaj\u0105 si\u0119, jak prawid\u0142owo si\u0119 ich pozby\u0107. Pierwszym krokiem jest usuni\u0119cie z drzewka wszelkich dekoracji. Nast\u0119pnie, najlepszym sposobem jest poci\u0119cie choinki na mniejsze kawa\u0142ki i umieszczenie jej w miejscu wskazanym przez zarz\u0105dc\u0119 budynku lub w specjalnym kontenerze przeznaczonym do odpad\u00f3w zielonych.<\/p><p>Inn\u0105 opcj\u0105 jest przekazanie choinki do Punktu Selektywnego Zbierania Odpad\u00f3w Komunalnych, co jest r\u00f3wnie\u017c korzystnym rozwi\u0105zaniem.<\/p><p>Dodatkowo, osoby posiadaj\u0105ce ogrody mog\u0105 u\u017cy\u0107 poci\u0119tych ga\u0142\u0119zi choinki jako os\u0142ony dla ro\u015blin, co zapewni im ochron\u0119 przed zimowymi mrozami.<\/p><p>Wi\u0119cej mo\u017cna przeczyta\u0107 na stronie rz\u0105dowej <strong><a href=\"https:\/\/www.gov.pl\/web\/gios\/co-zrobic-z-choinka-po-swietach\">TUTAJ<\/a><\/strong><\/p>\t\t\t\t\t\t\t\t<\/div>\n\t\t\t\t<\/div>\n\t\t\t\t\t<\/div>\n\t\t<\/div>\n\t\t\t\t\t<\/div>\n\t\t<\/section>\n\t\t\t\t\t<\/div>\n\t\t<\/div>\n\t\t\t\t\t<\/div>\n\t\t<\/section>\n\t\t\t\t<\/div>\n\t\t","protected":false},"excerpt":{"rendered":"<p>sztuczn\u0105 czy \u017cyw\u0105 choink\u0119? \u017bywa czy sztuczna? Jaka choinka jest lepsza? Badania wykaza\u0142y, \u017ce choinki naturalne maj\u0105 znacznie mniejszy wp\u0142yw na \u015brodowisko ni\u017c choinki sztuczne, emituj\u0105c prawie dwunastokrotnie mniej dwutlenku w\u0119gla. Je\u017celi naturalna choinka zostanie spalona lub przetworzona na produkty stolarskie, przyczynia si\u0119 do emisji oko\u0142o 3,5 kg CO2, podczas gdy jej wyrzucenie na wysypisko [&hellip;]<\/p>\n","protected":false},"author":2,"featured_media":0,"parent":3833,"menu_order":0,"comment_status":"closed","ping_status":"closed","template":"","meta":{"site-sidebar-layout":"no-sidebar","site-content-layout":"page-builder","ast-site-content-layout":"full-width-container","site-content-style":"unboxed","site-sidebar-style":"unboxed","ast-global-header-display":"","ast-banner-title-visibility":"","ast-main-header-display":"","ast-hfb-above-header-display":"","ast-hfb-below-header-display":"","ast-hfb-mobile-header-display":"","site-post-title":"disabled","ast-breadcrumbs-content":"disabled","ast-featured-img":"disabled","footer-sml-layout":"","theme-transparent-header-meta":"default","adv-header-id-meta":"","stick-header-meta":"","header-above-stick-meta":"","header-main-stick-meta":"","header-below-stick-meta":"","astra-migrate-meta-layouts":"set","ast-page-background-enabled":"default","ast-page-background-meta":{"desktop":{"background-color":"var(--ast-global-color-4)","background-image":"","background-repeat":"repeat","background-position":"center center","background-size":"auto","background-attachment":"scroll","background-type":"","background-media":"","overlay-type":"","overlay-color":"","overlay-opacity":"","overlay-gradient":""},"tablet":{"background-color":"","background-image":"","background-repeat":"repeat","background-position":"center center","background-size":"auto","background-attachment":"scroll","background-type":"","background-media":"","overlay-type":"","overlay-color":"","overlay-opacity":"","overlay-gradient":""},"mobile":{"background-color":"","background-image":"","background-repeat":"repeat","background-position":"center center","background-size":"auto","background-attachment":"scroll","background-type":"","background-media":"","overlay-type":"","overlay-color":"","overlay-opacity":"","overlay-gradient":""}},"ast-content-background-meta":{"desktop":{"background-color":"var(--ast-global-color-5)","background-image":"","background-repeat":"repeat","background-position":"center center","background-size":"auto","background-attachment":"scroll","background-type":"","background-media":"","overlay-type":"","overlay-color":"","overlay-opacity":"","overlay-gradient":""},"tablet":{"background-color":"var(--ast-global-color-5)","background-image":"","background-repeat":"repeat","background-position":"center center","background-size":"auto","background-attachment":"scroll","background-type":"","background-media":"","overlay-type":"","overlay-color":"","overlay-opacity":"","overlay-gradient":""},"mobile":{"background-color":"var(--ast-global-color-5)","background-image":"","background-repeat":"repeat","background-position":"center center","background-size":"auto","background-attachment":"scroll","background-type":"","background-media":"","overlay-type":"","overlay-color":"","overlay-opacity":"","overlay-gradient":""}},"footnotes":""},"class_list":["post-1062","page","type-page","status-publish","hentry"],"yoast_head":"<!-- This site is optimized with the Yoast SEO plugin v26.3 - https:\/\/yoast.com\/wordpress\/plugins\/seo\/ -->\n<title>Jak\u0105 choink\u0119 wybra\u0107 - Choinki \u017cywe Pozna\u0144 2025<\/title>\n<meta name=\"robots\" content=\"index, follow, max-snippet:-1, max-image-preview:large, max-video-preview:-1\" \/>\n<link rel=\"canonical\" href=\"https:\/\/choinkaonline.pl\/strona\/jaka-choinke-wybrac\/\" \/>\n<meta property=\"og:locale\" content=\"pl_PL\" \/>\n<meta property=\"og:type\" content=\"article\" \/>\n<meta property=\"og:title\" content=\"Jak\u0105 choink\u0119 wybra\u0107 - Choinki \u017cywe Pozna\u0144 2025\" \/>\n<meta property=\"og:description\" content=\"sztuczn\u0105 czy \u017cyw\u0105 choink\u0119? \u017bywa czy sztuczna? Jaka choinka jest lepsza? Badania wykaza\u0142y, \u017ce choinki naturalne maj\u0105 znacznie mniejszy wp\u0142yw na \u015brodowisko ni\u017c choinki sztuczne, emituj\u0105c prawie dwunastokrotnie mniej dwutlenku w\u0119gla. Je\u017celi naturalna choinka zostanie spalona lub przetworzona na produkty stolarskie, przyczynia si\u0119 do emisji oko\u0142o 3,5 kg CO2, podczas gdy jej wyrzucenie na wysypisko [&hellip;]\" \/>\n<meta property=\"og:url\" content=\"https:\/\/choinkaonline.pl\/strona\/jaka-choinke-wybrac\/\" \/>\n<meta property=\"og:site_name\" content=\"Choinki \u017cywe Pozna\u0144 2025\" \/>\n<meta property=\"article:modified_time\" content=\"2024-12-01T17:58:38+00:00\" \/>\n<meta name=\"twitter:card\" content=\"summary_large_image\" \/>\n<meta name=\"twitter:label1\" content=\"Szacowany czas czytania\" \/>\n\t<meta name=\"twitter:data1\" content=\"2 minuty\" \/>\n<script type=\"application\/ld+json\" class=\"yoast-schema-graph\">{\"@context\":\"https:\/\/schema.org\",\"@graph\":[{\"@type\":\"WebPage\",\"@id\":\"https:\/\/choinkaonline.pl\/poznan\/strona\/jaka-choinke-wybrac\/\",\"url\":\"https:\/\/choinkaonline.pl\/strona\/jaka-choinke-wybrac\/\",\"name\":\"Jak\u0105 choink\u0119 wybra\u0107 - Choinki \u017cywe Pozna\u0144 2025\",\"isPartOf\":{\"@id\":\"https:\/\/choinkaonline.pl\/poznan\/#website\"},\"datePublished\":\"2021-10-18T13:18:58+00:00\",\"dateModified\":\"2024-12-01T17:58:38+00:00\",\"breadcrumb\":{\"@id\":\"https:\/\/choinkaonline.pl\/strona\/jaka-choinke-wybrac\/#breadcrumb\"},\"inLanguage\":\"pl-PL\",\"potentialAction\":[{\"@type\":\"ReadAction\",\"target\":[\"https:\/\/choinkaonline.pl\/strona\/jaka-choinke-wybrac\/\"]}]},{\"@type\":\"BreadcrumbList\",\"@id\":\"https:\/\/choinkaonline.pl\/strona\/jaka-choinke-wybrac\/#breadcrumb\",\"itemListElement\":[{\"@type\":\"ListItem\",\"position\":1,\"name\":\"Strona g\u0142\u00f3wna\",\"item\":\"https:\/\/choinkaonline.pl\/poznan\/\"},{\"@type\":\"ListItem\",\"position\":2,\"name\":\"Strona\",\"item\":\"https:\/\/choinkaonline.pl\/poznan\/strona\/\"},{\"@type\":\"ListItem\",\"position\":3,\"name\":\"Jak\u0105 choink\u0119 wybra\u0107\"}]},{\"@type\":\"WebSite\",\"@id\":\"https:\/\/choinkaonline.pl\/poznan\/#website\",\"url\":\"https:\/\/choinkaonline.pl\/poznan\/\",\"name\":\"Choinki \u017cywe Pozna\u0144 2025\",\"description\":\"darmowa dostawa do domu\",\"potentialAction\":[{\"@type\":\"SearchAction\",\"target\":{\"@type\":\"EntryPoint\",\"urlTemplate\":\"https:\/\/choinkaonline.pl\/poznan\/?s={search_term_string}\"},\"query-input\":{\"@type\":\"PropertyValueSpecification\",\"valueRequired\":true,\"valueName\":\"search_term_string\"}}],\"inLanguage\":\"pl-PL\"}]}<\/script>\n<!-- \/ Yoast SEO plugin. -->","yoast_head_json":{"title":"Jak\u0105 choink\u0119 wybra\u0107 - Choinki \u017cywe Pozna\u0144 2025","robots":{"index":"index","follow":"follow","max-snippet":"max-snippet:-1","max-image-preview":"max-image-preview:large","max-video-preview":"max-video-preview:-1"},"canonical":"https:\/\/choinkaonline.pl\/strona\/jaka-choinke-wybrac\/","og_locale":"pl_PL","og_type":"article","og_title":"Jak\u0105 choink\u0119 wybra\u0107 - Choinki \u017cywe Pozna\u0144 2025","og_description":"sztuczn\u0105 czy \u017cyw\u0105 choink\u0119? \u017bywa czy sztuczna? Jaka choinka jest lepsza? Badania wykaza\u0142y, \u017ce choinki naturalne maj\u0105 znacznie mniejszy wp\u0142yw na \u015brodowisko ni\u017c choinki sztuczne, emituj\u0105c prawie dwunastokrotnie mniej dwutlenku w\u0119gla. Je\u017celi naturalna choinka zostanie spalona lub przetworzona na produkty stolarskie, przyczynia si\u0119 do emisji oko\u0142o 3,5 kg CO2, podczas gdy jej wyrzucenie na wysypisko [&hellip;]","og_url":"https:\/\/choinkaonline.pl\/strona\/jaka-choinke-wybrac\/","og_site_name":"Choinki \u017cywe Pozna\u0144 2025","article_modified_time":"2024-12-01T17:58:38+00:00","twitter_card":"summary_large_image","twitter_misc":{"Szacowany czas czytania":"2 minuty"},"schema":{"@context":"https:\/\/schema.org","@graph":[{"@type":"WebPage","@id":"https:\/\/choinkaonline.pl\/poznan\/strona\/jaka-choinke-wybrac\/","url":"https:\/\/choinkaonline.pl\/strona\/jaka-choinke-wybrac\/","name":"Jak\u0105 choink\u0119 wybra\u0107 - Choinki \u017cywe Pozna\u0144 2025","isPartOf":{"@id":"https:\/\/choinkaonline.pl\/poznan\/#website"},"datePublished":"2021-10-18T13:18:58+00:00","dateModified":"2024-12-01T17:58:38+00:00","breadcrumb":{"@id":"https:\/\/choinkaonline.pl\/strona\/jaka-choinke-wybrac\/#breadcrumb"},"inLanguage":"pl-PL","potentialAction":[{"@type":"ReadAction","target":["https:\/\/choinkaonline.pl\/strona\/jaka-choinke-wybrac\/"]}]},{"@type":"BreadcrumbList","@id":"https:\/\/choinkaonline.pl\/strona\/jaka-choinke-wybrac\/#breadcrumb","itemListElement":[{"@type":"ListItem","position":1,"name":"Strona g\u0142\u00f3wna","item":"https:\/\/choinkaonline.pl\/poznan\/"},{"@type":"ListItem","position":2,"name":"Strona","item":"https:\/\/choinkaonline.pl\/poznan\/strona\/"},{"@type":"ListItem","position":3,"name":"Jak\u0105 choink\u0119 wybra\u0107"}]},{"@type":"WebSite","@id":"https:\/\/choinkaonline.pl\/poznan\/#website","url":"https:\/\/choinkaonline.pl\/poznan\/","name":"Choinki \u017cywe Pozna\u0144 2025","description":"darmowa dostawa do domu","potentialAction":[{"@type":"SearchAction","target":{"@type":"EntryPoint","urlTemplate":"https:\/\/choinkaonline.pl\/poznan\/?s={search_term_string}"},"query-input":{"@type":"PropertyValueSpecification","valueRequired":true,"valueName":"search_term_string"}}],"inLanguage":"pl-PL"}]}},"_links":{"self":[{"href":"https:\/\/choinkaonline.pl\/poznan\/wp-json\/wp\/v2\/pages\/1062","targetHints":{"allow":["GET"]}}],"collection":[{"href":"https:\/\/choinkaonline.pl\/poznan\/wp-json\/wp\/v2\/pages"}],"about":[{"href":"https:\/\/choinkaonline.pl\/poznan\/wp-json\/wp\/v2\/types\/page"}],"author":[{"embeddable":true,"href":"https:\/\/choinkaonline.pl\/poznan\/wp-json\/wp\/v2\/users\/2"}],"replies":[{"embeddable":true,"href":"https:\/\/choinkaonline.pl\/poznan\/wp-json\/wp\/v2\/comments?post=1062"}],"version-history":[{"count":77,"href":"https:\/\/choinkaonline.pl\/poznan\/wp-json\/wp\/v2\/pages\/1062\/revisions"}],"predecessor-version":[{"id":8582,"href":"https:\/\/choinkaonline.pl\/poznan\/wp-json\/wp\/v2\/pages\/1062\/revisions\/8582"}],"up":[{"embeddable":true,"href":"https:\/\/choinkaonline.pl\/poznan\/wp-json\/wp\/v2\/pages\/3833"}],"wp:attachment":[{"href":"https:\/\/choinkaonline.pl\/poznan\/wp-json\/wp\/v2\/media?parent=1062"}],"curies":[{"name":"wp","href":"https:\/\/api.w.org\/{rel}","templated":true}]}}