{"id":1513,"date":"2023-11-12T14:36:45","date_gmt":"2023-11-12T13:36:45","guid":{"rendered":"https:\/\/new.choinkaonline.pl\/?post_type=product&#038;p=1513"},"modified":"2025-12-18T18:53:31","modified_gmt":"2025-12-18T17:53:31","slug":"jodla-kaukaska","status":"publish","type":"product","link":"https:\/\/choinkaonline.pl\/gdansk\/kategoria\/jodla-kaukaska\/","title":{"rendered":"Jod\u0142a kaukaska Premium | Tr\u00f3jmiasto"},"content":{"rendered":"<h1><strong>Jod\u0142a kaukaska z dostaw\u0105 w Tr\u00f3jmie\u015bcie\u00a0<\/strong><\/h1>\n<p>Od 2017 roku specjalizujemy si\u0119 w dostarczaniu choinek do dom\u00f3w i biur w Warszawie, a od 2023 roku rozszerzyli\u015bmy nasz\u0105 dzia\u0142alno\u015b\u0107 na Tr\u00f3jmiasto. Nasza oferta obejmuje \u015bwie\u017ce, \u017cywe jod\u0142y kaukaskie, kt\u00f3re pochodz\u0105 z renomowanych plantacji Pana Tomka lub Pana Romana na Pomorzu Zachodnim oraz z mazowieckich plantacji prowadzonych przez Pani Anety lub Pana Przemka. W naszym asortymencie znajdziecie drzewka, kt\u00f3re s\u0105 wycinane mo\u017cliwie nied\u0142ugo przed dostarczeniem, zapewniaj\u0105c \u015bwie\u017co\u015b\u0107 i trwa\u0142o\u015b\u0107 choinki na nawet 4-6 tygodni.<\/p>\n<p>Dbamy o to, aby ka\u017cde drzewko by\u0142o starannie wyselekcjonowane, tak aby spe\u0142nia\u0142o nasze wysokie standardy \u2013 <strong>wybieramy je tak, jakby mia\u0142y stan\u0105\u0107 w naszych w\u0142asnych domach<\/strong>. Jod\u0142y kaukaskie s\u0105 znane ze swoich mi\u0119kkich igie\u0142 i delikatnego, cytrusowego aromatu, co czyni je idealnym wyborem dla dom\u00f3w z ma\u0142ymi dzie\u0107mi lub zwierz\u0119tami. Nasze us\u0142ugi obejmuj\u0105 teraz r\u00f3wnie\u017c dostaw\u0119 jode\u0142 kaukaskich do Gda\u0144ska, Gdyni, Sopotu oraz wybranych miejscowo\u015bci wok\u00f3\u0142 Tr\u00f3jmiasta.<\/p>\n<div class=\"font-semibold\"><span style=\"font-size: 16px;\">Co roku z niecierpliwo\u015bci\u0105 oczekujemy na okazj\u0119, aby spotka\u0107 si\u0119 z Wami podczas \u015bwi\u0105t Bo\u017cego Narodzenia. W trosce o to, aby ten magiczny czas by\u0142 dla Was jak najbardziej radosny i bezstresowy, przyk\u0142adamy szczeg\u00f3ln\u0105 wag\u0119 do terminowej i bezproblemowej dostawy choinek. Rozumiemy, jak wa\u017cne jest, aby choinka dotar\u0142a do Waszego domu w dogodnym dla Was terminie, dlatego dok\u0142adamy wszelkich stara\u0144, aby dostosowa\u0107 si\u0119 do Waszych potrzeb i zapewni\u0107 sprawny oraz niezawodny serwis. Zale\u017cy nam, aby ka\u017cde \u015bwi\u0119ta by\u0142y dla Was wyj\u0105tkowe, a nasza choinka przyczyni\u0142a si\u0119 do stworzenia niezapomnianej, \u015bwi\u0105tecznej atmosfery w Waszych domach.<\/span><\/div>\n<div><\/div>\n<ul>\n<li>Poznaj\u00a0<strong><a title=\"Opinie Klient\u00f3w\" href=\"https:\/\/choinkaonline.pl\/gdansk\/strona\/wasze-opinie\/\" target=\"_blank\" rel=\"noopener\">opinie klient\u00f3w<\/a>\u00a0<\/strong>z poprzednich lat.<\/li>\n<li>Przeczytaj\u00a0<strong><a href=\"https:\/\/choinkaonline.pl\/gdansk\/strona\/najczesciej-zadawane-pytania\/\" target=\"_blank\" rel=\"noopener\">najcz\u0119\u015bciej zadawane pytania<\/a><\/strong>.\u00a0<strong><a href=\"https:\/\/choinkaonline.pl\/gdansk\/strona\/kontakt\" target=\"_blank\" rel=\"noopener\"><br \/>\n<\/a><\/strong><\/li>\n<li><strong><a href=\"https:\/\/choinkaonline.pl\/strona\/kontakt\" target=\"_blank\" rel=\"noopener\">Zadzwo\u0144 lub napisz.<\/a><\/strong><\/li>\n<\/ul>\n<p>&nbsp;<\/p>\n","protected":false},"excerpt":{"rendered":"<p>Nie czekaj, zakup swoj\u0105 choink\u0119 ju\u017c teraz! Okre\u015bl preferowany dzie\u0144 dostarczenia, a my wybierzemy idealn\u0105 jod\u0142\u0119 specjalnie dla Ciebie i dostarczymy j\u0105 prosto pod Twoje drzwi. Zapomnij o k\u0142opotach z transportem.<\/p>\n<p>Dlaczego m\u0119czy\u0107 si\u0119 z przewo\u017ceniem choinki? Unikniesz ba\u0142aganu z ig\u0142ami w samochodzie i \u017cywicy na ubraniach. Dostarczymy Ci \u015bwie\u017c\u0105, pi\u0119kn\u0105 jod\u0142\u0119 bezpo\u015brednio do domu. Nasze drzewka pochodz\u0105 z lokalnych plantacji, a nie z odleg\u0142ej Danii, co przek\u0142ada si\u0119 na mniejsze obci\u0105\u017cenie dla \u015brodowiska dzi\u0119ki skr\u00f3ceniu trasy transportu. Drzewko z pewno\u015bci\u0105 przyjedzie do Ciebie \u015bwie\u017ce, pachn\u0105ce, roz\u0142o\u017cyste i przetrwa w Twoim domu nawet do 4-6 tygodni.<\/p>\n","protected":false},"featured_media":8473,"comment_status":"open","ping_status":"closed","template":"","meta":{"site-sidebar-layout":"default","site-content-layout":"default","ast-site-content-layout":"default","site-content-style":"default","site-sidebar-style":"default","ast-global-header-display":"","ast-banner-title-visibility":"","ast-main-header-display":"","ast-hfb-above-header-display":"","ast-hfb-below-header-display":"","ast-hfb-mobile-header-display":"","site-post-title":"","ast-breadcrumbs-content":"","ast-featured-img":"","footer-sml-layout":"","theme-transparent-header-meta":"disabled","adv-header-id-meta":"","stick-header-meta":"","header-above-stick-meta":"","header-main-stick-meta":"","header-below-stick-meta":"","astra-migrate-meta-layouts":"set","ast-page-background-enabled":"default","ast-page-background-meta":{"desktop":{"background-color":"var(--ast-global-color-4)","background-image":"","background-repeat":"repeat","background-position":"center center","background-size":"auto","background-attachment":"scroll","background-type":"","background-media":"","overlay-type":"","overlay-color":"","overlay-opacity":"","overlay-gradient":""},"tablet":{"background-color":"","background-image":"","background-repeat":"repeat","background-position":"center center","background-size":"auto","background-attachment":"scroll","background-type":"","background-media":"","overlay-type":"","overlay-color":"","overlay-opacity":"","overlay-gradient":""},"mobile":{"background-color":"","background-image":"","background-repeat":"repeat","background-position":"center center","background-size":"auto","background-attachment":"scroll","background-type":"","background-media":"","overlay-type":"","overlay-color":"","overlay-opacity":"","overlay-gradient":""}},"ast-content-background-meta":{"desktop":{"background-color":"var(--ast-global-color-5)","background-image":"","background-repeat":"repeat","background-position":"center center","background-size":"auto","background-attachment":"scroll","background-type":"","background-media":"","overlay-type":"","overlay-color":"","overlay-opacity":"","overlay-gradient":""},"tablet":{"background-color":"var(--ast-global-color-5)","background-image":"","background-repeat":"repeat","background-position":"center center","background-size":"auto","background-attachment":"scroll","background-type":"","background-media":"","overlay-type":"","overlay-color":"","overlay-opacity":"","overlay-gradient":""},"mobile":{"background-color":"var(--ast-global-color-5)","background-image":"","background-repeat":"repeat","background-position":"center center","background-size":"auto","background-attachment":"scroll","background-type":"","background-media":"","overlay-type":"","overlay-color":"","overlay-opacity":"","overlay-gradient":""}}},"product_brand":[],"product_cat":[33,34,35,36,37,64,38,66],"product_tag":[],"class_list":{"0":"post-1513","1":"product","2":"type-product","3":"status-publish","4":"has-post-thumbnail","6":"product_cat-choinka-150-175cm-trojmiasto","7":"product_cat-choinka-175-200cm-trojmiasto","8":"product_cat-choinka-200-225cm-trojmiasto","9":"product_cat-choinka-225-250cm-trojmiasto","10":"product_cat-choinka-250-300cm","11":"product_cat-choinka-cieta","12":"product_cat-jodla-kaukaska-trojmiasto","13":"product_cat-wszystkie","14":"desktop-align-left","15":"tablet-align-left","16":"mobile-align-left","17":"ast-product-gallery-layout-vertical","18":"ast-magnify-disabled","19":"ast-product-single-variable","20":"ast-product-tabs-layout-vertical","22":"first","23":"outofstock","24":"sale","25":"taxable","26":"shipping-taxable","27":"purchasable","28":"product-type-variable"},"yoast_head":"<!-- This site is optimized with the Yoast SEO plugin v26.3 - https:\/\/yoast.com\/wordpress\/plugins\/seo\/ -->\n<title>Jod\u0142a kaukaska z dostaw\u0105 w Gda\u0144sku, Gdyni i Sopocie<\/title>\n<meta name=\"description\" content=\"Jod\u0142a kaukaska Tr\u00f3jmiasto 2025 \u261b Pi\u0119kne i dorodne drzewka \u2b50 Wybieramy, jak do swojego domu \u2b50 Zam\u00f3w pi\u0119kn\u0105 choink\u0119 ju\u017c dzisiaj z dostaw\u0105 i wniesieniem\" \/>\n<meta name=\"robots\" content=\"index, follow, max-snippet:-1, max-image-preview:large, max-video-preview:-1\" \/>\n<link rel=\"canonical\" href=\"https:\/\/choinkaonline.pl\/gdansk\/kategoria\/jodla-kaukaska\/\" \/>\n<meta property=\"og:locale\" content=\"pl_PL\" \/>\n<meta property=\"og:type\" content=\"article\" \/>\n<meta property=\"og:title\" content=\"Jod\u0142a kaukaska z dostaw\u0105 w Gda\u0144sku, Gdyni i Sopocie\" \/>\n<meta property=\"og:description\" content=\"Jod\u0142a kaukaska Tr\u00f3jmiasto 2025 \u261b Pi\u0119kne i dorodne drzewka \u2b50 Wybieramy, jak do swojego domu \u2b50 Zam\u00f3w pi\u0119kn\u0105 choink\u0119 ju\u017c dzisiaj z dostaw\u0105 i wniesieniem\" \/>\n<meta property=\"og:url\" content=\"https:\/\/choinkaonline.pl\/gdansk\/kategoria\/jodla-kaukaska\/\" \/>\n<meta property=\"og:site_name\" content=\"Choinki \u017cywe Gda\u0144sk 2025\" \/>\n<meta property=\"article:modified_time\" content=\"2025-12-18T17:53:31+00:00\" \/>\n<meta property=\"og:image\" content=\"https:\/\/choinkaonline.pl\/gdansk\/wp-content\/uploads\/2023\/11\/jodla_cieta.jpg\" \/>\n\t<meta property=\"og:image:width\" content=\"1080\" \/>\n\t<meta property=\"og:image:height\" content=\"1080\" \/>\n\t<meta property=\"og:image:type\" content=\"image\/jpeg\" \/>\n<meta name=\"twitter:card\" content=\"summary_large_image\" \/>\n<meta name=\"twitter:label1\" content=\"Szacowany czas czytania\" \/>\n\t<meta name=\"twitter:data1\" content=\"2 minuty\" \/>\n<script type=\"application\/ld+json\" class=\"yoast-schema-graph\">{\"@context\":\"https:\/\/schema.org\",\"@graph\":[{\"@type\":\"WebPage\",\"@id\":\"https:\/\/choinkaonline.pl\/gdansk\/kategoria\/jodla-kaukaska\/\",\"url\":\"https:\/\/choinkaonline.pl\/gdansk\/kategoria\/jodla-kaukaska\/\",\"name\":\"Jod\u0142a kaukaska z dostaw\u0105 w Gda\u0144sku, Gdyni i Sopocie\",\"isPartOf\":{\"@id\":\"https:\/\/choinkaonline.pl\/gdansk\/#website\"},\"primaryImageOfPage\":{\"@id\":\"https:\/\/choinkaonline.pl\/gdansk\/kategoria\/jodla-kaukaska\/#primaryimage\"},\"image\":{\"@id\":\"https:\/\/choinkaonline.pl\/gdansk\/kategoria\/jodla-kaukaska\/#primaryimage\"},\"thumbnailUrl\":\"https:\/\/choinkaonline.pl\/gdansk\/wp-content\/uploads\/2023\/11\/jodla_cieta.jpg\",\"datePublished\":\"2023-11-12T13:36:45+00:00\",\"dateModified\":\"2025-12-18T17:53:31+00:00\",\"description\":\"Jod\u0142a kaukaska Tr\u00f3jmiasto 2025 \u261b Pi\u0119kne i dorodne drzewka \u2b50 Wybieramy, jak do swojego domu \u2b50 Zam\u00f3w pi\u0119kn\u0105 choink\u0119 ju\u017c dzisiaj z dostaw\u0105 i wniesieniem\",\"breadcrumb\":{\"@id\":\"https:\/\/choinkaonline.pl\/gdansk\/kategoria\/jodla-kaukaska\/#breadcrumb\"},\"inLanguage\":\"pl-PL\",\"potentialAction\":[{\"@type\":\"ReadAction\",\"target\":[\"https:\/\/choinkaonline.pl\/gdansk\/kategoria\/jodla-kaukaska\/\"]}]},{\"@type\":\"ImageObject\",\"inLanguage\":\"pl-PL\",\"@id\":\"https:\/\/choinkaonline.pl\/gdansk\/kategoria\/jodla-kaukaska\/#primaryimage\",\"url\":\"https:\/\/choinkaonline.pl\/gdansk\/wp-content\/uploads\/2023\/11\/jodla_cieta.jpg\",\"contentUrl\":\"https:\/\/choinkaonline.pl\/gdansk\/wp-content\/uploads\/2023\/11\/jodla_cieta.jpg\",\"width\":1080,\"height\":1080},{\"@type\":\"BreadcrumbList\",\"@id\":\"https:\/\/choinkaonline.pl\/gdansk\/kategoria\/jodla-kaukaska\/#breadcrumb\",\"itemListElement\":[{\"@type\":\"ListItem\",\"position\":1,\"name\":\"Strona g\u0142\u00f3wna\",\"item\":\"https:\/\/choinkaonline.pl\/gdansk\/\"},{\"@type\":\"ListItem\",\"position\":2,\"name\":\"Sklep\",\"item\":\"https:\/\/choinkaonline.pl\/gdansk\/sklep\/\"},{\"@type\":\"ListItem\",\"position\":3,\"name\":\"Jod\u0142a kaukaska Premium | Tr\u00f3jmiasto\"}]},{\"@type\":\"WebSite\",\"@id\":\"https:\/\/choinkaonline.pl\/gdansk\/#website\",\"url\":\"https:\/\/choinkaonline.pl\/gdansk\/\",\"name\":\"Choinki \u017cywe Gda\u0144sk 2025\",\"description\":\"darmowa dostawa do domu\",\"potentialAction\":[{\"@type\":\"SearchAction\",\"target\":{\"@type\":\"EntryPoint\",\"urlTemplate\":\"https:\/\/choinkaonline.pl\/gdansk\/?s={search_term_string}\"},\"query-input\":{\"@type\":\"PropertyValueSpecification\",\"valueRequired\":true,\"valueName\":\"search_term_string\"}}],\"inLanguage\":\"pl-PL\"}]}<\/script>\n<!-- \/ Yoast SEO plugin. -->","yoast_head_json":{"title":"Jod\u0142a kaukaska z dostaw\u0105 w Gda\u0144sku, Gdyni i Sopocie","description":"Jod\u0142a kaukaska Tr\u00f3jmiasto 2025 \u261b Pi\u0119kne i dorodne drzewka \u2b50 Wybieramy, jak do swojego domu \u2b50 Zam\u00f3w pi\u0119kn\u0105 choink\u0119 ju\u017c dzisiaj z dostaw\u0105 i wniesieniem","robots":{"index":"index","follow":"follow","max-snippet":"max-snippet:-1","max-image-preview":"max-image-preview:large","max-video-preview":"max-video-preview:-1"},"canonical":"https:\/\/choinkaonline.pl\/gdansk\/kategoria\/jodla-kaukaska\/","og_locale":"pl_PL","og_type":"article","og_title":"Jod\u0142a kaukaska z dostaw\u0105 w Gda\u0144sku, Gdyni i Sopocie","og_description":"Jod\u0142a kaukaska Tr\u00f3jmiasto 2025 \u261b Pi\u0119kne i dorodne drzewka \u2b50 Wybieramy, jak do swojego domu \u2b50 Zam\u00f3w pi\u0119kn\u0105 choink\u0119 ju\u017c dzisiaj z dostaw\u0105 i wniesieniem","og_url":"https:\/\/choinkaonline.pl\/gdansk\/kategoria\/jodla-kaukaska\/","og_site_name":"Choinki \u017cywe Gda\u0144sk 2025","article_modified_time":"2025-12-18T17:53:31+00:00","og_image":[{"width":1080,"height":1080,"url":"https:\/\/choinkaonline.pl\/gdansk\/wp-content\/uploads\/2023\/11\/jodla_cieta.jpg","type":"image\/jpeg"}],"twitter_card":"summary_large_image","twitter_misc":{"Szacowany czas czytania":"2 minuty"},"schema":{"@context":"https:\/\/schema.org","@graph":[{"@type":"WebPage","@id":"https:\/\/choinkaonline.pl\/gdansk\/kategoria\/jodla-kaukaska\/","url":"https:\/\/choinkaonline.pl\/gdansk\/kategoria\/jodla-kaukaska\/","name":"Jod\u0142a kaukaska z dostaw\u0105 w Gda\u0144sku, Gdyni i Sopocie","isPartOf":{"@id":"https:\/\/choinkaonline.pl\/gdansk\/#website"},"primaryImageOfPage":{"@id":"https:\/\/choinkaonline.pl\/gdansk\/kategoria\/jodla-kaukaska\/#primaryimage"},"image":{"@id":"https:\/\/choinkaonline.pl\/gdansk\/kategoria\/jodla-kaukaska\/#primaryimage"},"thumbnailUrl":"https:\/\/choinkaonline.pl\/gdansk\/wp-content\/uploads\/2023\/11\/jodla_cieta.jpg","datePublished":"2023-11-12T13:36:45+00:00","dateModified":"2025-12-18T17:53:31+00:00","description":"Jod\u0142a kaukaska Tr\u00f3jmiasto 2025 \u261b Pi\u0119kne i dorodne drzewka \u2b50 Wybieramy, jak do swojego domu \u2b50 Zam\u00f3w pi\u0119kn\u0105 choink\u0119 ju\u017c dzisiaj z dostaw\u0105 i wniesieniem","breadcrumb":{"@id":"https:\/\/choinkaonline.pl\/gdansk\/kategoria\/jodla-kaukaska\/#breadcrumb"},"inLanguage":"pl-PL","potentialAction":[{"@type":"ReadAction","target":["https:\/\/choinkaonline.pl\/gdansk\/kategoria\/jodla-kaukaska\/"]}]},{"@type":"ImageObject","inLanguage":"pl-PL","@id":"https:\/\/choinkaonline.pl\/gdansk\/kategoria\/jodla-kaukaska\/#primaryimage","url":"https:\/\/choinkaonline.pl\/gdansk\/wp-content\/uploads\/2023\/11\/jodla_cieta.jpg","contentUrl":"https:\/\/choinkaonline.pl\/gdansk\/wp-content\/uploads\/2023\/11\/jodla_cieta.jpg","width":1080,"height":1080},{"@type":"BreadcrumbList","@id":"https:\/\/choinkaonline.pl\/gdansk\/kategoria\/jodla-kaukaska\/#breadcrumb","itemListElement":[{"@type":"ListItem","position":1,"name":"Strona g\u0142\u00f3wna","item":"https:\/\/choinkaonline.pl\/gdansk\/"},{"@type":"ListItem","position":2,"name":"Sklep","item":"https:\/\/choinkaonline.pl\/gdansk\/sklep\/"},{"@type":"ListItem","position":3,"name":"Jod\u0142a kaukaska Premium | Tr\u00f3jmiasto"}]},{"@type":"WebSite","@id":"https:\/\/choinkaonline.pl\/gdansk\/#website","url":"https:\/\/choinkaonline.pl\/gdansk\/","name":"Choinki \u017cywe Gda\u0144sk 2025","description":"darmowa dostawa do domu","potentialAction":[{"@type":"SearchAction","target":{"@type":"EntryPoint","urlTemplate":"https:\/\/choinkaonline.pl\/gdansk\/?s={search_term_string}"},"query-input":{"@type":"PropertyValueSpecification","valueRequired":true,"valueName":"search_term_string"}}],"inLanguage":"pl-PL"}]}},"_links":{"self":[{"href":"https:\/\/choinkaonline.pl\/gdansk\/wp-json\/wp\/v2\/product\/1513","targetHints":{"allow":["GET"]}}],"collection":[{"href":"https:\/\/choinkaonline.pl\/gdansk\/wp-json\/wp\/v2\/product"}],"about":[{"href":"https:\/\/choinkaonline.pl\/gdansk\/wp-json\/wp\/v2\/types\/product"}],"replies":[{"embeddable":true,"href":"https:\/\/choinkaonline.pl\/gdansk\/wp-json\/wp\/v2\/comments?post=1513"}],"wp:featuredmedia":[{"embeddable":true,"href":"https:\/\/choinkaonline.pl\/gdansk\/wp-json\/wp\/v2\/media\/8473"}],"wp:attachment":[{"href":"https:\/\/choinkaonline.pl\/gdansk\/wp-json\/wp\/v2\/media?parent=1513"}],"wp:term":[{"taxonomy":"product_brand","embeddable":true,"href":"https:\/\/choinkaonline.pl\/gdansk\/wp-json\/wp\/v2\/product_brand?post=1513"},{"taxonomy":"product_cat","embeddable":true,"href":"https:\/\/choinkaonline.pl\/gdansk\/wp-json\/wp\/v2\/product_cat?post=1513"},{"taxonomy":"product_tag","embeddable":true,"href":"https:\/\/choinkaonline.pl\/gdansk\/wp-json\/wp\/v2\/product_tag?post=1513"}],"curies":[{"name":"wp","href":"https:\/\/api.w.org\/{rel}","templated":true}]}}