{"id":3702,"date":"2021-11-10T20:13:44","date_gmt":"2021-11-10T19:13:44","guid":{"rendered":"https:\/\/new.choinkaonline.pl\/?page_id=3702"},"modified":"2023-11-19T21:32:48","modified_gmt":"2023-11-19T20:32:48","slug":"dlaczego-warto-kupic-jodle-u-nas","status":"publish","type":"page","link":"https:\/\/choinkaonline.pl\/gdansk\/strona\/dlaczego-warto-kupic-jodle-u-nas\/","title":{"rendered":"Dlaczego warto kupi\u0107 jod\u0142\u0119 u nas?"},"content":{"rendered":"\t\t<div data-elementor-type=\"wp-page\" data-elementor-id=\"3702\" class=\"elementor elementor-3702\" data-elementor-post-type=\"page\">\n\t\t\t\t\t\t<section class=\"elementor-section elementor-top-section elementor-element elementor-element-b61280b elementor-section-boxed elementor-section-height-default elementor-section-height-default\" data-id=\"b61280b\" data-element_type=\"section\" data-settings=\"{&quot;jet_parallax_layout_list&quot;:[{&quot;jet_parallax_layout_image&quot;:{&quot;url&quot;:&quot;&quot;,&quot;id&quot;:&quot;&quot;,&quot;size&quot;:&quot;&quot;},&quot;_id&quot;:&quot;5281f96&quot;,&quot;jet_parallax_layout_image_tablet&quot;:{&quot;url&quot;:&quot;&quot;,&quot;id&quot;:&quot;&quot;,&quot;size&quot;:&quot;&quot;},&quot;jet_parallax_layout_image_mobile&quot;:{&quot;url&quot;:&quot;&quot;,&quot;id&quot;:&quot;&quot;,&quot;size&quot;:&quot;&quot;},&quot;jet_parallax_layout_speed&quot;:{&quot;unit&quot;:&quot;%&quot;,&quot;size&quot;:50,&quot;sizes&quot;:[]},&quot;jet_parallax_layout_type&quot;:&quot;scroll&quot;,&quot;jet_parallax_layout_direction&quot;:&quot;1&quot;,&quot;jet_parallax_layout_fx_direction&quot;:null,&quot;jet_parallax_layout_z_index&quot;:&quot;&quot;,&quot;jet_parallax_layout_bg_x&quot;:50,&quot;jet_parallax_layout_bg_x_tablet&quot;:&quot;&quot;,&quot;jet_parallax_layout_bg_x_mobile&quot;:&quot;&quot;,&quot;jet_parallax_layout_bg_y&quot;:50,&quot;jet_parallax_layout_bg_y_tablet&quot;:&quot;&quot;,&quot;jet_parallax_layout_bg_y_mobile&quot;:&quot;&quot;,&quot;jet_parallax_layout_bg_size&quot;:&quot;auto&quot;,&quot;jet_parallax_layout_bg_size_tablet&quot;:&quot;&quot;,&quot;jet_parallax_layout_bg_size_mobile&quot;:&quot;&quot;,&quot;jet_parallax_layout_animation_prop&quot;:&quot;transform&quot;,&quot;jet_parallax_layout_on&quot;:[&quot;desktop&quot;,&quot;tablet&quot;]}]}\">\n\t\t\t\t\t\t<div class=\"elementor-container elementor-column-gap-no\">\n\t\t\t\t\t<div class=\"elementor-column elementor-col-100 elementor-top-column elementor-element elementor-element-005bde1\" data-id=\"005bde1\" data-element_type=\"column\">\n\t\t\t<div class=\"elementor-widget-wrap elementor-element-populated\">\n\t\t\t\t\t\t<section class=\"elementor-section elementor-inner-section elementor-element elementor-element-c8c54cf elementor-section-boxed elementor-section-height-default elementor-section-height-default\" data-id=\"c8c54cf\" data-element_type=\"section\" data-settings=\"{&quot;jet_parallax_layout_list&quot;:[{&quot;jet_parallax_layout_image&quot;:{&quot;url&quot;:&quot;&quot;,&quot;id&quot;:&quot;&quot;,&quot;size&quot;:&quot;&quot;},&quot;_id&quot;:&quot;5337234&quot;,&quot;jet_parallax_layout_image_tablet&quot;:{&quot;url&quot;:&quot;&quot;,&quot;id&quot;:&quot;&quot;,&quot;size&quot;:&quot;&quot;},&quot;jet_parallax_layout_image_mobile&quot;:{&quot;url&quot;:&quot;&quot;,&quot;id&quot;:&quot;&quot;,&quot;size&quot;:&quot;&quot;},&quot;jet_parallax_layout_speed&quot;:{&quot;unit&quot;:&quot;%&quot;,&quot;size&quot;:50,&quot;sizes&quot;:[]},&quot;jet_parallax_layout_type&quot;:&quot;scroll&quot;,&quot;jet_parallax_layout_direction&quot;:&quot;1&quot;,&quot;jet_parallax_layout_fx_direction&quot;:null,&quot;jet_parallax_layout_z_index&quot;:&quot;&quot;,&quot;jet_parallax_layout_bg_x&quot;:50,&quot;jet_parallax_layout_bg_x_tablet&quot;:&quot;&quot;,&quot;jet_parallax_layout_bg_x_mobile&quot;:&quot;&quot;,&quot;jet_parallax_layout_bg_y&quot;:50,&quot;jet_parallax_layout_bg_y_tablet&quot;:&quot;&quot;,&quot;jet_parallax_layout_bg_y_mobile&quot;:&quot;&quot;,&quot;jet_parallax_layout_bg_size&quot;:&quot;auto&quot;,&quot;jet_parallax_layout_bg_size_tablet&quot;:&quot;&quot;,&quot;jet_parallax_layout_bg_size_mobile&quot;:&quot;&quot;,&quot;jet_parallax_layout_animation_prop&quot;:&quot;transform&quot;,&quot;jet_parallax_layout_on&quot;:[&quot;desktop&quot;,&quot;tablet&quot;]}]}\">\n\t\t\t\t\t\t<div class=\"elementor-container elementor-column-gap-no\">\n\t\t\t\t\t<div class=\"elementor-column elementor-col-33 elementor-inner-column elementor-element elementor-element-076df99\" data-id=\"076df99\" data-element_type=\"column\">\n\t\t\t<div class=\"elementor-widget-wrap elementor-element-populated\">\n\t\t\t\t\t\t<div class=\"elementor-element elementor-element-de48062 elementor-widget elementor-widget-heading\" data-id=\"de48062\" data-element_type=\"widget\" data-widget_type=\"heading.default\">\n\t\t\t\t<div class=\"elementor-widget-container\">\n\t\t\t\t\t<h1 class=\"elementor-heading-title elementor-size-default\">Dlaczego warto kupi\u0107 choink\u0119 u nas?<\/h1>\t\t\t\t<\/div>\n\t\t\t\t<\/div>\n\t\t\t\t\t<\/div>\n\t\t<\/div>\n\t\t\t\t<div class=\"elementor-column elementor-col-66 elementor-inner-column elementor-element elementor-element-3b7fc06 elementor-hidden-tablet elementor-hidden-mobile\" data-id=\"3b7fc06\" data-element_type=\"column\">\n\t\t\t<div class=\"elementor-widget-wrap\">\n\t\t\t\t\t\t\t<\/div>\n\t\t<\/div>\n\t\t\t\t\t<\/div>\n\t\t<\/section>\n\t\t\t\t<section class=\"elementor-section elementor-inner-section elementor-element elementor-element-1c28403 elementor-section-boxed elementor-section-height-default elementor-section-height-default\" data-id=\"1c28403\" data-element_type=\"section\" data-settings=\"{&quot;jet_parallax_layout_list&quot;:[{&quot;jet_parallax_layout_image&quot;:{&quot;url&quot;:&quot;&quot;,&quot;id&quot;:&quot;&quot;,&quot;size&quot;:&quot;&quot;},&quot;_id&quot;:&quot;5337234&quot;,&quot;jet_parallax_layout_image_tablet&quot;:{&quot;url&quot;:&quot;&quot;,&quot;id&quot;:&quot;&quot;,&quot;size&quot;:&quot;&quot;},&quot;jet_parallax_layout_image_mobile&quot;:{&quot;url&quot;:&quot;&quot;,&quot;id&quot;:&quot;&quot;,&quot;size&quot;:&quot;&quot;},&quot;jet_parallax_layout_speed&quot;:{&quot;unit&quot;:&quot;%&quot;,&quot;size&quot;:50,&quot;sizes&quot;:[]},&quot;jet_parallax_layout_type&quot;:&quot;scroll&quot;,&quot;jet_parallax_layout_direction&quot;:&quot;1&quot;,&quot;jet_parallax_layout_fx_direction&quot;:null,&quot;jet_parallax_layout_z_index&quot;:&quot;&quot;,&quot;jet_parallax_layout_bg_x&quot;:50,&quot;jet_parallax_layout_bg_x_tablet&quot;:&quot;&quot;,&quot;jet_parallax_layout_bg_x_mobile&quot;:&quot;&quot;,&quot;jet_parallax_layout_bg_y&quot;:50,&quot;jet_parallax_layout_bg_y_tablet&quot;:&quot;&quot;,&quot;jet_parallax_layout_bg_y_mobile&quot;:&quot;&quot;,&quot;jet_parallax_layout_bg_size&quot;:&quot;auto&quot;,&quot;jet_parallax_layout_bg_size_tablet&quot;:&quot;&quot;,&quot;jet_parallax_layout_bg_size_mobile&quot;:&quot;&quot;,&quot;jet_parallax_layout_animation_prop&quot;:&quot;transform&quot;,&quot;jet_parallax_layout_on&quot;:[&quot;desktop&quot;,&quot;tablet&quot;]}]}\">\n\t\t\t\t\t\t<div class=\"elementor-container elementor-column-gap-no\">\n\t\t\t\t\t<div class=\"elementor-column elementor-col-33 elementor-inner-column elementor-element elementor-element-93ae287\" data-id=\"93ae287\" data-element_type=\"column\">\n\t\t\t<div class=\"elementor-widget-wrap elementor-element-populated\">\n\t\t\t\t\t\t<div class=\"elementor-element elementor-element-9a826c3 elementor-widget elementor-widget-heading\" data-id=\"9a826c3\" data-element_type=\"widget\" data-widget_type=\"heading.default\">\n\t\t\t\t<div class=\"elementor-widget-container\">\n\t\t\t\t\t<h2 class=\"elementor-heading-title elementor-size-default\">tw\u00f3j wyb\u00f3r ma znaczenie!<\/h2>\t\t\t\t<\/div>\n\t\t\t\t<\/div>\n\t\t\t\t\t<\/div>\n\t\t<\/div>\n\t\t\t\t<div class=\"elementor-column elementor-col-66 elementor-inner-column elementor-element elementor-element-faf17ae\" data-id=\"faf17ae\" data-element_type=\"column\">\n\t\t\t<div class=\"elementor-widget-wrap elementor-element-populated\">\n\t\t\t\t\t\t<div class=\"elementor-element elementor-element-054c2ac link-underline elementor-widget elementor-widget-text-editor\" data-id=\"054c2ac\" data-element_type=\"widget\" data-widget_type=\"text-editor.default\">\n\t\t\t\t<div class=\"elementor-widget-container\">\n\t\t\t\t\t\t\t\t\t<p>Na stronie ChoinkaOnline.pl zapewniamy Ci\u0119, \u017ce oferowana choinka jest niezwykle \u015bwie\u017ca, pochodzi z zaufanego \u017ar\u00f3d\u0142a, zosta\u0142a \u015bci\u0119ta w pe\u0142ni legalnie i dostarczona z najbli\u017cszego regionu.<\/p>\t\t\t\t\t\t\t\t<\/div>\n\t\t\t\t<\/div>\n\t\t\t\t\t<\/div>\n\t\t<\/div>\n\t\t\t\t\t<\/div>\n\t\t<\/section>\n\t\t\t\t<div class=\"elementor-element elementor-element-1884e90 elementor-hidden-desktop elementor-hidden-tablet elementor-hidden-mobile elementor-widget elementor-widget-spacer\" data-id=\"1884e90\" data-element_type=\"widget\" data-widget_type=\"spacer.default\">\n\t\t\t\t<div class=\"elementor-widget-container\">\n\t\t\t\t\t\t\t<div class=\"elementor-spacer\">\n\t\t\t<div class=\"elementor-spacer-inner\"><\/div>\n\t\t<\/div>\n\t\t\t\t\t\t<\/div>\n\t\t\t\t<\/div>\n\t\t\t\t<section class=\"elementor-section elementor-inner-section elementor-element elementor-element-a42cbc4 elementor-section-boxed elementor-section-height-default elementor-section-height-default\" data-id=\"a42cbc4\" data-element_type=\"section\" data-settings=\"{&quot;jet_parallax_layout_list&quot;:[{&quot;jet_parallax_layout_image&quot;:{&quot;url&quot;:&quot;&quot;,&quot;id&quot;:&quot;&quot;,&quot;size&quot;:&quot;&quot;},&quot;_id&quot;:&quot;b696ea6&quot;,&quot;jet_parallax_layout_image_tablet&quot;:{&quot;url&quot;:&quot;&quot;,&quot;id&quot;:&quot;&quot;,&quot;size&quot;:&quot;&quot;},&quot;jet_parallax_layout_image_mobile&quot;:{&quot;url&quot;:&quot;&quot;,&quot;id&quot;:&quot;&quot;,&quot;size&quot;:&quot;&quot;},&quot;jet_parallax_layout_speed&quot;:{&quot;unit&quot;:&quot;%&quot;,&quot;size&quot;:50,&quot;sizes&quot;:[]},&quot;jet_parallax_layout_type&quot;:&quot;scroll&quot;,&quot;jet_parallax_layout_direction&quot;:&quot;1&quot;,&quot;jet_parallax_layout_fx_direction&quot;:null,&quot;jet_parallax_layout_z_index&quot;:&quot;&quot;,&quot;jet_parallax_layout_bg_x&quot;:50,&quot;jet_parallax_layout_bg_x_tablet&quot;:&quot;&quot;,&quot;jet_parallax_layout_bg_x_mobile&quot;:&quot;&quot;,&quot;jet_parallax_layout_bg_y&quot;:50,&quot;jet_parallax_layout_bg_y_tablet&quot;:&quot;&quot;,&quot;jet_parallax_layout_bg_y_mobile&quot;:&quot;&quot;,&quot;jet_parallax_layout_bg_size&quot;:&quot;auto&quot;,&quot;jet_parallax_layout_bg_size_tablet&quot;:&quot;&quot;,&quot;jet_parallax_layout_bg_size_mobile&quot;:&quot;&quot;,&quot;jet_parallax_layout_animation_prop&quot;:&quot;transform&quot;,&quot;jet_parallax_layout_on&quot;:[&quot;desktop&quot;,&quot;tablet&quot;]}]}\">\n\t\t\t\t\t\t<div class=\"elementor-container elementor-column-gap-no\">\n\t\t\t\t\t<div class=\"elementor-column elementor-col-100 elementor-inner-column elementor-element elementor-element-d397e24\" data-id=\"d397e24\" data-element_type=\"column\">\n\t\t\t<div class=\"elementor-widget-wrap elementor-element-populated\">\n\t\t\t\t\t\t<div class=\"elementor-element elementor-element-f8f4f0c link-underline elementor-widget elementor-widget-text-editor\" data-id=\"f8f4f0c\" data-element_type=\"widget\" data-widget_type=\"text-editor.default\">\n\t\t\t\t<div class=\"elementor-widget-container\">\n\t\t\t\t\t\t\t\t\t<table>\n<tbody>\n<tr>\n<td>&nbsp;<\/td>\n<td><strong>Choinki z ChoinkaOnline.pl<\/strong><\/td>\n<td><strong>Niekt\u00f3re inne choinki<\/strong><\/td>\n<\/tr>\n<tr>\n<td><strong>\u015awie\u017co\u015b\u0107<\/strong><\/td>\n<td>Choinka \u015bwie\u017co \u015bcinana nawet na kilka dni przed planowan\u0105 dostaw\u0105<\/td>\n<td>\u015acinane s\u0105 ju\u017c od 1 listopada, aby trafi\u0142y na czas<\/td>\n<\/tr>\n<tr>\n<td><strong>Dba\u0142o\u015b\u0107 o \u015brodowisko<\/strong><\/td>\n<td>Transport z polskiej plantacji &#8211; z Pomorza Zachodniego lub okolic Warszawy<\/td>\n<td>Transport z Danii &#8211; ponad 1000 kilometr\u00f3w<\/td>\n<\/tr>\n<tr>\n<td><strong>Lokalno\u015b\u0107<\/strong><\/td>\n<td>Pieni\u0105dze wspieraj\u0105 lokalnych plantator\u00f3w z Polski, z Mazowsza oraz Pomorza Zachodniego.<\/td>\n<td>Pieni\u0105dze trafiaj\u0105 do farmer\u00f3w g\u0142\u00f3wnie ze Skandynawii<\/td>\n<\/tr>\n<tr>\n<td><strong>Dostawa<\/strong><\/td>\n<td>0 &#8211; 39 z\u0142<\/td>\n<td>0 &#8211; 49 z\u0142<\/td>\n<\/tr>\n<tr>\n<td><strong>Wniesienie<\/strong><\/td>\n<td>0 z\u0142<\/td>\n<td>19 &#8211; 49 z\u0142<\/td>\n<\/tr>\n<tr>\n<td><strong>Troska o Ciebie<\/strong><\/td>\n<td>Indywidualne podej\u015bcie, chcemy si\u0119 z Tob\u0105 spotyka\u0107 co roku!<\/td>\n<td>&#8230;..<\/td>\n<\/tr>\n<\/tbody>\n<\/table>\t\t\t\t\t\t\t\t<\/div>\n\t\t\t\t<\/div>\n\t\t\t\t\t<\/div>\n\t\t<\/div>\n\t\t\t\t\t<\/div>\n\t\t<\/section>\n\t\t\t\t\t<\/div>\n\t\t<\/div>\n\t\t\t\t\t<\/div>\n\t\t<\/section>\n\t\t\t\t<\/div>\n\t\t","protected":false},"excerpt":{"rendered":"<p>Dlaczego warto kupi\u0107 choink\u0119 u nas? tw\u00f3j wyb\u00f3r ma znaczenie! Na stronie ChoinkaOnline.pl zapewniamy Ci\u0119, \u017ce oferowana choinka jest niezwykle \u015bwie\u017ca, pochodzi z zaufanego \u017ar\u00f3d\u0142a, zosta\u0142a \u015bci\u0119ta w pe\u0142ni legalnie i dostarczona z najbli\u017cszego regionu. &nbsp; Choinki z ChoinkaOnline.pl Niekt\u00f3re inne choinki \u015awie\u017co\u015b\u0107 Choinka \u015bwie\u017co \u015bcinana nawet na kilka dni przed planowan\u0105 dostaw\u0105 \u015acinane s\u0105 [&hellip;]<\/p>\n","protected":false},"author":2,"featured_media":0,"parent":3833,"menu_order":0,"comment_status":"closed","ping_status":"closed","template":"","meta":{"site-sidebar-layout":"no-sidebar","site-content-layout":"page-builder","ast-site-content-layout":"default","site-content-style":"default","site-sidebar-style":"default","ast-global-header-display":"","ast-banner-title-visibility":"","ast-main-header-display":"","ast-hfb-above-header-display":"","ast-hfb-below-header-display":"","ast-hfb-mobile-header-display":"","site-post-title":"disabled","ast-breadcrumbs-content":"disabled","ast-featured-img":"disabled","footer-sml-layout":"","theme-transparent-header-meta":"default","adv-header-id-meta":"","stick-header-meta":"","header-above-stick-meta":"","header-main-stick-meta":"","header-below-stick-meta":"","astra-migrate-meta-layouts":"default","ast-page-background-enabled":"default","ast-page-background-meta":{"desktop":{"background-color":"var(--ast-global-color-4)","background-image":"","background-repeat":"repeat","background-position":"center center","background-size":"auto","background-attachment":"scroll","background-type":"","background-media":"","overlay-type":"","overlay-color":"","overlay-opacity":"","overlay-gradient":""},"tablet":{"background-color":"","background-image":"","background-repeat":"repeat","background-position":"center center","background-size":"auto","background-attachment":"scroll","background-type":"","background-media":"","overlay-type":"","overlay-color":"","overlay-opacity":"","overlay-gradient":""},"mobile":{"background-color":"","background-image":"","background-repeat":"repeat","background-position":"center center","background-size":"auto","background-attachment":"scroll","background-type":"","background-media":"","overlay-type":"","overlay-color":"","overlay-opacity":"","overlay-gradient":""}},"ast-content-background-meta":{"desktop":{"background-color":"var(--ast-global-color-5)","background-image":"","background-repeat":"repeat","background-position":"center center","background-size":"auto","background-attachment":"scroll","background-type":"","background-media":"","overlay-type":"","overlay-color":"","overlay-opacity":"","overlay-gradient":""},"tablet":{"background-color":"var(--ast-global-color-5)","background-image":"","background-repeat":"repeat","background-position":"center center","background-size":"auto","background-attachment":"scroll","background-type":"","background-media":"","overlay-type":"","overlay-color":"","overlay-opacity":"","overlay-gradient":""},"mobile":{"background-color":"var(--ast-global-color-5)","background-image":"","background-repeat":"repeat","background-position":"center center","background-size":"auto","background-attachment":"scroll","background-type":"","background-media":"","overlay-type":"","overlay-color":"","overlay-opacity":"","overlay-gradient":""}},"footnotes":""},"class_list":["post-3702","page","type-page","status-publish","hentry"],"yoast_head":"<!-- This site is optimized with the Yoast SEO plugin v26.3 - https:\/\/yoast.com\/wordpress\/plugins\/seo\/ -->\n<title>Dlaczego warto kupi\u0107 jod\u0142\u0119 u nas? - Choinki \u017cywe Gda\u0144sk 2025<\/title>\n<meta name=\"robots\" content=\"index, follow, max-snippet:-1, max-image-preview:large, max-video-preview:-1\" \/>\n<link rel=\"canonical\" href=\"https:\/\/choinkaonline.pl\/gdansk\/strona\/dlaczego-warto-kupic-jodle-u-nas\/\" \/>\n<meta property=\"og:locale\" content=\"pl_PL\" \/>\n<meta property=\"og:type\" content=\"article\" \/>\n<meta property=\"og:title\" content=\"Dlaczego warto kupi\u0107 jod\u0142\u0119 u nas? - Choinki \u017cywe Gda\u0144sk 2025\" \/>\n<meta property=\"og:description\" content=\"Dlaczego warto kupi\u0107 choink\u0119 u nas? tw\u00f3j wyb\u00f3r ma znaczenie! Na stronie ChoinkaOnline.pl zapewniamy Ci\u0119, \u017ce oferowana choinka jest niezwykle \u015bwie\u017ca, pochodzi z zaufanego \u017ar\u00f3d\u0142a, zosta\u0142a \u015bci\u0119ta w pe\u0142ni legalnie i dostarczona z najbli\u017cszego regionu. &nbsp; Choinki z ChoinkaOnline.pl Niekt\u00f3re inne choinki \u015awie\u017co\u015b\u0107 Choinka \u015bwie\u017co \u015bcinana nawet na kilka dni przed planowan\u0105 dostaw\u0105 \u015acinane s\u0105 [&hellip;]\" \/>\n<meta property=\"og:url\" content=\"https:\/\/choinkaonline.pl\/gdansk\/strona\/dlaczego-warto-kupic-jodle-u-nas\/\" \/>\n<meta property=\"og:site_name\" content=\"Choinki \u017cywe Gda\u0144sk 2025\" \/>\n<meta property=\"article:modified_time\" content=\"2023-11-19T20:32:48+00:00\" \/>\n<meta name=\"twitter:card\" content=\"summary_large_image\" \/>\n<meta name=\"twitter:label1\" content=\"Szacowany czas czytania\" \/>\n\t<meta name=\"twitter:data1\" content=\"1 minuta\" \/>\n<script type=\"application\/ld+json\" class=\"yoast-schema-graph\">{\"@context\":\"https:\/\/schema.org\",\"@graph\":[{\"@type\":\"WebPage\",\"@id\":\"https:\/\/choinkaonline.pl\/gdansk\/strona\/dlaczego-warto-kupic-jodle-u-nas\/\",\"url\":\"https:\/\/choinkaonline.pl\/gdansk\/strona\/dlaczego-warto-kupic-jodle-u-nas\/\",\"name\":\"Dlaczego warto kupi\u0107 jod\u0142\u0119 u nas? - Choinki \u017cywe Gda\u0144sk 2025\",\"isPartOf\":{\"@id\":\"https:\/\/choinkaonline.pl\/gdansk\/#website\"},\"datePublished\":\"2021-11-10T19:13:44+00:00\",\"dateModified\":\"2023-11-19T20:32:48+00:00\",\"breadcrumb\":{\"@id\":\"https:\/\/choinkaonline.pl\/gdansk\/strona\/dlaczego-warto-kupic-jodle-u-nas\/#breadcrumb\"},\"inLanguage\":\"pl-PL\",\"potentialAction\":[{\"@type\":\"ReadAction\",\"target\":[\"https:\/\/choinkaonline.pl\/gdansk\/strona\/dlaczego-warto-kupic-jodle-u-nas\/\"]}]},{\"@type\":\"BreadcrumbList\",\"@id\":\"https:\/\/choinkaonline.pl\/gdansk\/strona\/dlaczego-warto-kupic-jodle-u-nas\/#breadcrumb\",\"itemListElement\":[{\"@type\":\"ListItem\",\"position\":1,\"name\":\"Strona g\u0142\u00f3wna\",\"item\":\"https:\/\/choinkaonline.pl\/gdansk\/\"},{\"@type\":\"ListItem\",\"position\":2,\"name\":\"Strona\",\"item\":\"https:\/\/choinkaonline.pl\/gdansk\/strona\/\"},{\"@type\":\"ListItem\",\"position\":3,\"name\":\"Dlaczego warto kupi\u0107 jod\u0142\u0119 u nas?\"}]},{\"@type\":\"WebSite\",\"@id\":\"https:\/\/choinkaonline.pl\/gdansk\/#website\",\"url\":\"https:\/\/choinkaonline.pl\/gdansk\/\",\"name\":\"Choinki \u017cywe Gda\u0144sk 2025\",\"description\":\"darmowa dostawa do domu\",\"potentialAction\":[{\"@type\":\"SearchAction\",\"target\":{\"@type\":\"EntryPoint\",\"urlTemplate\":\"https:\/\/choinkaonline.pl\/gdansk\/?s={search_term_string}\"},\"query-input\":{\"@type\":\"PropertyValueSpecification\",\"valueRequired\":true,\"valueName\":\"search_term_string\"}}],\"inLanguage\":\"pl-PL\"}]}<\/script>\n<!-- \/ Yoast SEO plugin. -->","yoast_head_json":{"title":"Dlaczego warto kupi\u0107 jod\u0142\u0119 u nas? - Choinki \u017cywe Gda\u0144sk 2025","robots":{"index":"index","follow":"follow","max-snippet":"max-snippet:-1","max-image-preview":"max-image-preview:large","max-video-preview":"max-video-preview:-1"},"canonical":"https:\/\/choinkaonline.pl\/gdansk\/strona\/dlaczego-warto-kupic-jodle-u-nas\/","og_locale":"pl_PL","og_type":"article","og_title":"Dlaczego warto kupi\u0107 jod\u0142\u0119 u nas? - Choinki \u017cywe Gda\u0144sk 2025","og_description":"Dlaczego warto kupi\u0107 choink\u0119 u nas? tw\u00f3j wyb\u00f3r ma znaczenie! Na stronie ChoinkaOnline.pl zapewniamy Ci\u0119, \u017ce oferowana choinka jest niezwykle \u015bwie\u017ca, pochodzi z zaufanego \u017ar\u00f3d\u0142a, zosta\u0142a \u015bci\u0119ta w pe\u0142ni legalnie i dostarczona z najbli\u017cszego regionu. &nbsp; Choinki z ChoinkaOnline.pl Niekt\u00f3re inne choinki \u015awie\u017co\u015b\u0107 Choinka \u015bwie\u017co \u015bcinana nawet na kilka dni przed planowan\u0105 dostaw\u0105 \u015acinane s\u0105 [&hellip;]","og_url":"https:\/\/choinkaonline.pl\/gdansk\/strona\/dlaczego-warto-kupic-jodle-u-nas\/","og_site_name":"Choinki \u017cywe Gda\u0144sk 2025","article_modified_time":"2023-11-19T20:32:48+00:00","twitter_card":"summary_large_image","twitter_misc":{"Szacowany czas czytania":"1 minuta"},"schema":{"@context":"https:\/\/schema.org","@graph":[{"@type":"WebPage","@id":"https:\/\/choinkaonline.pl\/gdansk\/strona\/dlaczego-warto-kupic-jodle-u-nas\/","url":"https:\/\/choinkaonline.pl\/gdansk\/strona\/dlaczego-warto-kupic-jodle-u-nas\/","name":"Dlaczego warto kupi\u0107 jod\u0142\u0119 u nas? - Choinki \u017cywe Gda\u0144sk 2025","isPartOf":{"@id":"https:\/\/choinkaonline.pl\/gdansk\/#website"},"datePublished":"2021-11-10T19:13:44+00:00","dateModified":"2023-11-19T20:32:48+00:00","breadcrumb":{"@id":"https:\/\/choinkaonline.pl\/gdansk\/strona\/dlaczego-warto-kupic-jodle-u-nas\/#breadcrumb"},"inLanguage":"pl-PL","potentialAction":[{"@type":"ReadAction","target":["https:\/\/choinkaonline.pl\/gdansk\/strona\/dlaczego-warto-kupic-jodle-u-nas\/"]}]},{"@type":"BreadcrumbList","@id":"https:\/\/choinkaonline.pl\/gdansk\/strona\/dlaczego-warto-kupic-jodle-u-nas\/#breadcrumb","itemListElement":[{"@type":"ListItem","position":1,"name":"Strona g\u0142\u00f3wna","item":"https:\/\/choinkaonline.pl\/gdansk\/"},{"@type":"ListItem","position":2,"name":"Strona","item":"https:\/\/choinkaonline.pl\/gdansk\/strona\/"},{"@type":"ListItem","position":3,"name":"Dlaczego warto kupi\u0107 jod\u0142\u0119 u nas?"}]},{"@type":"WebSite","@id":"https:\/\/choinkaonline.pl\/gdansk\/#website","url":"https:\/\/choinkaonline.pl\/gdansk\/","name":"Choinki \u017cywe Gda\u0144sk 2025","description":"darmowa dostawa do domu","potentialAction":[{"@type":"SearchAction","target":{"@type":"EntryPoint","urlTemplate":"https:\/\/choinkaonline.pl\/gdansk\/?s={search_term_string}"},"query-input":{"@type":"PropertyValueSpecification","valueRequired":true,"valueName":"search_term_string"}}],"inLanguage":"pl-PL"}]}},"_links":{"self":[{"href":"https:\/\/choinkaonline.pl\/gdansk\/wp-json\/wp\/v2\/pages\/3702","targetHints":{"allow":["GET"]}}],"collection":[{"href":"https:\/\/choinkaonline.pl\/gdansk\/wp-json\/wp\/v2\/pages"}],"about":[{"href":"https:\/\/choinkaonline.pl\/gdansk\/wp-json\/wp\/v2\/types\/page"}],"author":[{"embeddable":true,"href":"https:\/\/choinkaonline.pl\/gdansk\/wp-json\/wp\/v2\/users\/2"}],"replies":[{"embeddable":true,"href":"https:\/\/choinkaonline.pl\/gdansk\/wp-json\/wp\/v2\/comments?post=3702"}],"version-history":[{"count":23,"href":"https:\/\/choinkaonline.pl\/gdansk\/wp-json\/wp\/v2\/pages\/3702\/revisions"}],"predecessor-version":[{"id":8481,"href":"https:\/\/choinkaonline.pl\/gdansk\/wp-json\/wp\/v2\/pages\/3702\/revisions\/8481"}],"up":[{"embeddable":true,"href":"https:\/\/choinkaonline.pl\/gdansk\/wp-json\/wp\/v2\/pages\/3833"}],"wp:attachment":[{"href":"https:\/\/choinkaonline.pl\/gdansk\/wp-json\/wp\/v2\/media?parent=3702"}],"curies":[{"name":"wp","href":"https:\/\/api.w.org\/{rel}","templated":true}]}}